{"id":899,"date":"2025-05-22T04:08:55","date_gmt":"2025-05-22T04:08:55","guid":{"rendered":"https:\/\/pionaiers.nl\/whitepaper-gratuito\/"},"modified":"2025-11-21T09:51:10","modified_gmt":"2025-11-21T09:51:10","slug":"whitepaper-gratuito","status":"publish","type":"page","link":"https:\/\/pionaiers.nl\/it\/whitepaper-gratuito\/","title":{"rendered":"Whitepaper gratuito"},"content":{"rendered":"\t\t<div data-elementor-type=\"wp-page\" data-elementor-id=\"899\" class=\"elementor elementor-899 elementor-687\" data-elementor-post-type=\"page\">\n\t\t\t\t<div class=\"elementor-element elementor-element-674eaa67 e-flex e-con-boxed e-con e-parent\" data-id=\"674eaa67\" data-element_type=\"container\" data-settings=\"{&quot;background_background&quot;:&quot;classic&quot;}\">\n\t\t\t\t\t<div class=\"e-con-inner\">\n\t\t<div class=\"elementor-element elementor-element-55d85a92 e-flex e-con-boxed e-con e-child\" data-id=\"55d85a92\" data-element_type=\"container\">\n\t\t\t\t\t<div class=\"e-con-inner\">\n\t\t\t\t<div class=\"elementor-element elementor-element-12cc7923 elementor-invisible elementor-widget elementor-widget-heading\" data-id=\"12cc7923\" data-element_type=\"widget\" data-settings=\"{&quot;_animation&quot;:&quot;fadeInDown&quot;,&quot;_animation_delay&quot;:200}\" data-widget_type=\"heading.default\">\n\t\t\t\t<div class=\"elementor-widget-container\">\n\t\t\t\t\t<h1 class=\"elementor-heading-title elementor-size-default\">Whitepaper gratuito<\/h1>\t\t\t\t<\/div>\n\t\t\t\t<\/div>\n\t\t\t\t\t<\/div>\n\t\t\t\t<\/div>\n\t\t\t\t\t<\/div>\n\t\t\t\t<\/div>\n\t\t<div class=\"elementor-element elementor-element-624fc148 e-flex e-con-boxed e-con e-parent\" data-id=\"624fc148\" data-element_type=\"container\">\n\t\t\t\t\t<div class=\"e-con-inner\">\n\t\t<div class=\"elementor-element elementor-element-2ad01542 e-con-full e-flex elementor-invisible e-con e-child\" data-id=\"2ad01542\" data-element_type=\"container\" data-settings=\"{&quot;animation&quot;:&quot;fadeInRight&quot;}\">\n\t\t\t\t<div class=\"elementor-element elementor-element-53f3512 elementor-align-center elementor-widget elementor-widget-lottie\" data-id=\"53f3512\" data-element_type=\"widget\" data-settings=\"{&quot;source_json&quot;:{&quot;url&quot;:&quot;https:\\\/\\\/pionaiers.nl\\\/wp-content\\\/uploads\\\/2025\\\/05\\\/hKrW6azbsE.json&quot;,&quot;id&quot;:237,&quot;size&quot;:&quot;&quot;,&quot;alt&quot;:&quot;&quot;,&quot;source&quot;:&quot;library&quot;},&quot;loop&quot;:&quot;yes&quot;,&quot;reverse_animation&quot;:&quot;yes&quot;,&quot;lazyload&quot;:&quot;yes&quot;,&quot;sticky&quot;:&quot;top&quot;,&quot;sticky_on&quot;:[&quot;desktop&quot;,&quot;tablet&quot;],&quot;sticky_parent&quot;:&quot;yes&quot;,&quot;sticky_offset&quot;:100,&quot;sticky_effects_offset&quot;:100,&quot;sticky_anchor_link_offset&quot;:10,&quot;source&quot;:&quot;media_file&quot;,&quot;caption_source&quot;:&quot;none&quot;,&quot;link_to&quot;:&quot;none&quot;,&quot;trigger&quot;:&quot;arriving_to_viewport&quot;,&quot;viewport&quot;:{&quot;unit&quot;:&quot;%&quot;,&quot;size&quot;:&quot;&quot;,&quot;sizes&quot;:{&quot;start&quot;:0,&quot;end&quot;:100}},&quot;play_speed&quot;:{&quot;unit&quot;:&quot;px&quot;,&quot;size&quot;:1,&quot;sizes&quot;:[]},&quot;start_point&quot;:{&quot;unit&quot;:&quot;%&quot;,&quot;size&quot;:0,&quot;sizes&quot;:[]},&quot;end_point&quot;:{&quot;unit&quot;:&quot;%&quot;,&quot;size&quot;:100,&quot;sizes&quot;:[]},&quot;renderer&quot;:&quot;svg&quot;}\" data-widget_type=\"lottie.default\">\n\t\t\t\t<div class=\"elementor-widget-container\">\n\t\t\t\t\t<div class=\"e-lottie__container\"><div class=\"e-lottie__animation\"><\/div><\/div>\t\t\t\t<\/div>\n\t\t\t\t<\/div>\n\t\t\t\t<\/div>\n\t\t<div class=\"elementor-element elementor-element-56bba4d2 e-con-full e-flex elementor-invisible e-con e-child\" data-id=\"56bba4d2\" data-element_type=\"container\" data-settings=\"{&quot;animation&quot;:&quot;fadeInRight&quot;}\">\n\t\t\t\t<div class=\"elementor-element elementor-element-141af491 elementor-widget elementor-widget-heading\" data-id=\"141af491\" data-element_type=\"widget\" data-widget_type=\"heading.default\">\n\t\t\t\t<div class=\"elementor-widget-container\">\n\t\t\t\t\t<h6 class=\"elementor-heading-title elementor-size-default\">Whitepaper gratuito<\/h6>\t\t\t\t<\/div>\n\t\t\t\t<\/div>\n\t\t\t\t<div class=\"elementor-element elementor-element-7d19011a elementor-widget elementor-widget-heading\" data-id=\"7d19011a\" data-element_type=\"widget\" data-widget_type=\"heading.default\">\n\t\t\t\t<div class=\"elementor-widget-container\">\n\t\t\t\t\t<h2 class=\"elementor-heading-title elementor-size-default\">Vuoi sapere se i tuoi contenuti sono rilevanti per l'IA?<\/h2>\t\t\t\t<\/div>\n\t\t\t\t<\/div>\n\t\t\t\t<div class=\"elementor-element elementor-element-53e600a elementor-widget elementor-widget-text-editor\" data-id=\"53e600a\" data-element_type=\"widget\" data-widget_type=\"text-editor.default\">\n\t\t\t\t<div class=\"elementor-widget-container\">\n\t\t\t\t\t\t\t\t\t<p data-start=\"405\" data-end=\"557\">In questo proposizione paper gratuito, spieghiamo come la <strong data-start=\"453\" data-end=\"493\">Generative Engine Optimization (GEO)<\/strong> rende visibile la tua organizzazione in piattaforme AI come ChatGPT.<\/p><p data-start=\"559\" data-end=\"568\">Imparerai:<\/p><ul data-start=\"569\" data-end=\"720\"><li data-start=\"569\" data-end=\"608\"><p data-start=\"571\" data-end=\"608\">Come vengono generate le risposte dell&#8217;IA.<\/p><\/li><li data-start=\"609\" data-end=\"655\"><p data-start=\"611\" data-end=\"655\">Perch\u00e9 la SEO tradizionale non \u00e8 pi\u00f9 sufficiente.<\/p><\/li><li data-start=\"656\" data-end=\"720\"><p data-start=\"658\" data-end=\"720\">Quali passaggi puoi intraprendere subito per essere trovato dall&#8217;IA.<\/p><\/li><\/ul><p data-start=\"722\" data-end=\"786\">Non devi lasciare alcun dato. Clicca e scarica subito. <\/p>\t\t\t\t\t\t\t\t<\/div>\n\t\t\t\t<\/div>\n\t\t\t\t<div class=\"elementor-element elementor-element-2f6aefb elementor-button-info elementor-align-center elementor-widget elementor-widget-button\" data-id=\"2f6aefb\" data-element_type=\"widget\" data-widget_type=\"button.default\">\n\t\t\t\t<div class=\"elementor-widget-container\">\n\t\t\t\t\t\t\t\t\t<div class=\"elementor-button-wrapper\">\n\t\t\t\t\t<a class=\"elementor-button elementor-button-link elementor-size-sm\" href=\"https:\/\/pionaiers.nl\/wp-content\/uploads\/2025\/08\/Propositiepaper-PionAIers.pdf\" target=\"_blank\">\n\t\t\t\t\t\t<span class=\"elementor-button-content-wrapper\">\n\t\t\t\t\t\t\t\t\t<span class=\"elementor-button-text\">Scarica il Proposizione Paper<\/span>\n\t\t\t\t\t<\/span>\n\t\t\t\t\t<\/a>\n\t\t\t\t<\/div>\n\t\t\t\t\t\t\t\t<\/div>\n\t\t\t\t<\/div>\n\t\t\t\t<div class=\"elementor-element elementor-element-de97868 elementor-widget elementor-widget-text-editor\" data-id=\"de97868\" data-element_type=\"widget\" data-widget_type=\"text-editor.default\">\n\t\t\t\t<div class=\"elementor-widget-container\">\n\t\t\t\t\t\t\t\t\t<p> <\/p><p> <\/p>\t\t\t\t\t\t\t\t<\/div>\n\t\t\t\t<\/div>\n\t\t\t\t<\/div>\n\t\t\t\t\t<\/div>\n\t\t\t\t<\/div>\n\t\t\t\t<\/div>\n\t\t","protected":false},"excerpt":{"rendered":"<p>Vuoi sapere se i tuoi contenuti sono rilevanti per l&#8217;IA? In questo proposizione paper gratuito, spieghiamo come la Generative Engine Optimization (GEO) rende visibile la tua organizzazione in piattaforme AI come ChatGPT. Imparerai: Come vengono generate le risposte dell&#8217;IA. Perch\u00e9 la SEO tradizionale non \u00e8 pi\u00f9 sufficiente. Quali passaggi puoi intraprendere subito per essere trovato [&hellip;]<\/p>\n","protected":false},"author":1,"featured_media":0,"parent":0,"menu_order":0,"comment_status":"closed","ping_status":"closed","template":"elementor_header_footer","meta":{"footnotes":""},"class_list":["post-899","page","type-page","status-publish","hentry"],"yoast_head":"<!-- This site is optimized with the Yoast SEO plugin v27.5 - https:\/\/yoast.com\/product\/yoast-seo-wordpress\/ -->\n<title>Whitepaper gratuito - PionAIers<\/title>\n<meta name=\"robots\" content=\"index, follow, max-snippet:-1, max-image-preview:large, max-video-preview:-1\" \/>\n<link rel=\"canonical\" href=\"https:\/\/pionaiers.nl\/it\/whitepaper-gratuito\/\" \/>\n<meta property=\"og:locale\" content=\"it_IT\" \/>\n<meta property=\"og:type\" content=\"article\" \/>\n<meta property=\"og:title\" content=\"Whitepaper gratuito - PionAIers\" \/>\n<meta property=\"og:description\" content=\"Vuoi sapere se i tuoi contenuti sono rilevanti per l&#8217;IA? In questo proposizione paper gratuito, spieghiamo come la Generative Engine Optimization (GEO) rende visibile la tua organizzazione in piattaforme AI come ChatGPT. Imparerai: Come vengono generate le risposte dell&#8217;IA. Perch\u00e9 la SEO tradizionale non \u00e8 pi\u00f9 sufficiente. Quali passaggi puoi intraprendere subito per essere trovato [&hellip;]\" \/>\n<meta property=\"og:url\" content=\"https:\/\/pionaiers.nl\/it\/whitepaper-gratuito\/\" \/>\n<meta property=\"og:site_name\" content=\"PionAIers\" \/>\n<meta property=\"article:modified_time\" content=\"2025-11-21T09:51:10+00:00\" \/>\n<meta name=\"twitter:card\" content=\"summary_large_image\" \/>\n<script type=\"application\/ld+json\" class=\"yoast-schema-graph\">{\"@context\":\"https:\\\/\\\/schema.org\",\"@graph\":[{\"@type\":\"WebPage\",\"@id\":\"https:\\\/\\\/pionaiers.nl\\\/it\\\/whitepaper-gratuito\\\/\",\"url\":\"https:\\\/\\\/pionaiers.nl\\\/it\\\/whitepaper-gratuito\\\/\",\"name\":\"Whitepaper gratuito - PionAIers\",\"isPartOf\":{\"@id\":\"https:\\\/\\\/pionaiers.nl\\\/it\\\/#website\"},\"datePublished\":\"2025-05-22T04:08:55+00:00\",\"dateModified\":\"2025-11-21T09:51:10+00:00\",\"breadcrumb\":{\"@id\":\"https:\\\/\\\/pionaiers.nl\\\/it\\\/whitepaper-gratuito\\\/#breadcrumb\"},\"inLanguage\":\"it-IT\",\"potentialAction\":[{\"@type\":\"ReadAction\",\"target\":[\"https:\\\/\\\/pionaiers.nl\\\/it\\\/whitepaper-gratuito\\\/\"]}]},{\"@type\":\"BreadcrumbList\",\"@id\":\"https:\\\/\\\/pionaiers.nl\\\/it\\\/whitepaper-gratuito\\\/#breadcrumb\",\"itemListElement\":[{\"@type\":\"ListItem\",\"position\":1,\"name\":\"Home\",\"item\":\"https:\\\/\\\/pionaiers.nl\\\/it\\\/\"},{\"@type\":\"ListItem\",\"position\":2,\"name\":\"Whitepaper gratuito\"}]},{\"@type\":\"WebSite\",\"@id\":\"https:\\\/\\\/pionaiers.nl\\\/it\\\/#website\",\"url\":\"https:\\\/\\\/pionaiers.nl\\\/it\\\/\",\"name\":\"PionAIers\",\"description\":\"\",\"potentialAction\":[{\"@type\":\"SearchAction\",\"target\":{\"@type\":\"EntryPoint\",\"urlTemplate\":\"https:\\\/\\\/pionaiers.nl\\\/it\\\/?s={search_term_string}\"},\"query-input\":{\"@type\":\"PropertyValueSpecification\",\"valueRequired\":true,\"valueName\":\"search_term_string\"}}],\"inLanguage\":\"it-IT\"}]}<\/script>\n<!-- \/ Yoast SEO plugin. -->","yoast_head_json":{"title":"Whitepaper gratuito - PionAIers","robots":{"index":"index","follow":"follow","max-snippet":"max-snippet:-1","max-image-preview":"max-image-preview:large","max-video-preview":"max-video-preview:-1"},"canonical":"https:\/\/pionaiers.nl\/it\/whitepaper-gratuito\/","og_locale":"it_IT","og_type":"article","og_title":"Whitepaper gratuito - PionAIers","og_description":"Vuoi sapere se i tuoi contenuti sono rilevanti per l&#8217;IA? In questo proposizione paper gratuito, spieghiamo come la Generative Engine Optimization (GEO) rende visibile la tua organizzazione in piattaforme AI come ChatGPT. Imparerai: Come vengono generate le risposte dell&#8217;IA. Perch\u00e9 la SEO tradizionale non \u00e8 pi\u00f9 sufficiente. Quali passaggi puoi intraprendere subito per essere trovato [&hellip;]","og_url":"https:\/\/pionaiers.nl\/it\/whitepaper-gratuito\/","og_site_name":"PionAIers","article_modified_time":"2025-11-21T09:51:10+00:00","twitter_card":"summary_large_image","schema":{"@context":"https:\/\/schema.org","@graph":[{"@type":"WebPage","@id":"https:\/\/pionaiers.nl\/it\/whitepaper-gratuito\/","url":"https:\/\/pionaiers.nl\/it\/whitepaper-gratuito\/","name":"Whitepaper gratuito - PionAIers","isPartOf":{"@id":"https:\/\/pionaiers.nl\/it\/#website"},"datePublished":"2025-05-22T04:08:55+00:00","dateModified":"2025-11-21T09:51:10+00:00","breadcrumb":{"@id":"https:\/\/pionaiers.nl\/it\/whitepaper-gratuito\/#breadcrumb"},"inLanguage":"it-IT","potentialAction":[{"@type":"ReadAction","target":["https:\/\/pionaiers.nl\/it\/whitepaper-gratuito\/"]}]},{"@type":"BreadcrumbList","@id":"https:\/\/pionaiers.nl\/it\/whitepaper-gratuito\/#breadcrumb","itemListElement":[{"@type":"ListItem","position":1,"name":"Home","item":"https:\/\/pionaiers.nl\/it\/"},{"@type":"ListItem","position":2,"name":"Whitepaper gratuito"}]},{"@type":"WebSite","@id":"https:\/\/pionaiers.nl\/it\/#website","url":"https:\/\/pionaiers.nl\/it\/","name":"PionAIers","description":"","potentialAction":[{"@type":"SearchAction","target":{"@type":"EntryPoint","urlTemplate":"https:\/\/pionaiers.nl\/it\/?s={search_term_string}"},"query-input":{"@type":"PropertyValueSpecification","valueRequired":true,"valueName":"search_term_string"}}],"inLanguage":"it-IT"}]}},"_links":{"self":[{"href":"https:\/\/pionaiers.nl\/it\/wp-json\/wp\/v2\/pages\/899","targetHints":{"allow":["GET"]}}],"collection":[{"href":"https:\/\/pionaiers.nl\/it\/wp-json\/wp\/v2\/pages"}],"about":[{"href":"https:\/\/pionaiers.nl\/it\/wp-json\/wp\/v2\/types\/page"}],"author":[{"embeddable":true,"href":"https:\/\/pionaiers.nl\/it\/wp-json\/wp\/v2\/users\/1"}],"replies":[{"embeddable":true,"href":"https:\/\/pionaiers.nl\/it\/wp-json\/wp\/v2\/comments?post=899"}],"version-history":[{"count":1,"href":"https:\/\/pionaiers.nl\/it\/wp-json\/wp\/v2\/pages\/899\/revisions"}],"predecessor-version":[{"id":900,"href":"https:\/\/pionaiers.nl\/it\/wp-json\/wp\/v2\/pages\/899\/revisions\/900"}],"wp:attachment":[{"href":"https:\/\/pionaiers.nl\/it\/wp-json\/wp\/v2\/media?parent=899"}],"curies":[{"name":"wp","href":"https:\/\/api.w.org\/{rel}","templated":true}]}}