{"id":1388,"date":"2025-05-22T04:08:55","date_gmt":"2025-05-22T04:08:55","guid":{"rendered":"https:\/\/pionaiers.nl\/lavora-con-noi\/"},"modified":"2025-11-20T09:40:07","modified_gmt":"2025-11-20T09:40:07","slug":"lavora-con-noi","status":"publish","type":"page","link":"https:\/\/pionaiers.nl\/it\/lavora-con-noi\/","title":{"rendered":"Lavora con noi"},"content":{"rendered":"\t\t<div data-elementor-type=\"wp-page\" data-elementor-id=\"1388\" class=\"elementor elementor-1388 elementor-1374\" data-elementor-post-type=\"page\">\n\t\t\t\t<div class=\"elementor-element elementor-element-674eaa67 e-flex e-con-boxed e-con e-parent\" data-id=\"674eaa67\" data-element_type=\"container\" data-settings=\"{&quot;background_background&quot;:&quot;classic&quot;}\">\n\t\t\t\t\t<div class=\"e-con-inner\">\n\t\t<div class=\"elementor-element elementor-element-55d85a92 e-flex e-con-boxed e-con e-child\" data-id=\"55d85a92\" data-element_type=\"container\">\n\t\t\t\t\t<div class=\"e-con-inner\">\n\t\t\t\t<div class=\"elementor-element elementor-element-12cc7923 elementor-invisible elementor-widget elementor-widget-heading\" data-id=\"12cc7923\" data-element_type=\"widget\" data-settings=\"{&quot;_animation&quot;:&quot;fadeInDown&quot;,&quot;_animation_delay&quot;:200}\" data-widget_type=\"heading.default\">\n\t\t\t\t<div class=\"elementor-widget-container\">\n\t\t\t\t\t<h1 class=\"elementor-heading-title elementor-size-default\">Lavora con noi<\/h1>\t\t\t\t<\/div>\n\t\t\t\t<\/div>\n\t\t\t\t\t<\/div>\n\t\t\t\t<\/div>\n\t\t\t\t\t<\/div>\n\t\t\t\t<\/div>\n\t\t<div class=\"elementor-element elementor-element-624fc148 e-flex e-con-boxed e-con e-parent\" data-id=\"624fc148\" data-element_type=\"container\">\n\t\t\t\t\t<div class=\"e-con-inner\">\n\t\t\t\t<div class=\"elementor-element elementor-element-fffc827 elementor-widget elementor-widget-text-editor\" data-id=\"fffc827\" data-element_type=\"widget\" data-widget_type=\"text-editor.default\">\n\t\t\t\t<div class=\"elementor-widget-container\">\n\t\t\t\t\t\t\t\t\t<h2 class=\"elementor-heading-title elementor-size-default elementor-inline-editing pen\" contenteditable=\"true\" data-elementor-setting-key=\"title\" data-pen-placeholder=\"Hier typen...\">Offerta di lavoro: Business Development \/ Sales (AI &amp; GEO) PionAIers<\/h2>\t\t\t\t\t\t\t\t<\/div>\n\t\t\t\t<\/div>\n\t\t<div class=\"elementor-element elementor-element-2ad01542 e-con-full e-flex elementor-invisible e-con e-child\" data-id=\"2ad01542\" data-element_type=\"container\" data-settings=\"{&quot;animation&quot;:&quot;fadeInRight&quot;}\">\n\t\t\t\t<div class=\"elementor-element elementor-element-3155878 elementor-widget elementor-widget-image\" data-id=\"3155878\" data-element_type=\"widget\" data-settings=\"{&quot;_animation&quot;:&quot;none&quot;}\" data-widget_type=\"image.default\">\n\t\t\t\t<div class=\"elementor-widget-container\">\n\t\t\t\t\t\t\t\t\t\t\t\t\t\t\t<img fetchpriority=\"high\" decoding=\"async\" width=\"800\" height=\"534\" src=\"https:\/\/pionaiers.nl\/wp-content\/uploads\/2025\/11\/ZeoKantoor03-1024x683.jpg\" class=\"attachment-large size-large wp-image-1389\" alt=\"\" srcset=\"https:\/\/pionaiers.nl\/wp-content\/uploads\/2025\/11\/ZeoKantoor03-1024x683.jpg 1024w, https:\/\/pionaiers.nl\/wp-content\/uploads\/2025\/11\/ZeoKantoor03-300x200.jpg 300w, https:\/\/pionaiers.nl\/wp-content\/uploads\/2025\/11\/ZeoKantoor03-768x512.jpg 768w, https:\/\/pionaiers.nl\/wp-content\/uploads\/2025\/11\/ZeoKantoor03-1536x1024.jpg 1536w, https:\/\/pionaiers.nl\/wp-content\/uploads\/2025\/11\/ZeoKantoor03-2048x1366.jpg 2048w\" sizes=\"(max-width: 800px) 100vw, 800px\" \/>\t\t\t\t\t\t\t\t\t\t\t\t\t\t\t<\/div>\n\t\t\t\t<\/div>\n\t\t\t\t<\/div>\n\t\t<div class=\"elementor-element elementor-element-56bba4d2 e-con-full e-flex elementor-invisible e-con e-child\" data-id=\"56bba4d2\" data-element_type=\"container\" data-settings=\"{&quot;animation&quot;:&quot;fadeInRight&quot;}\">\n\t\t\t\t<div class=\"elementor-element elementor-element-53e600a elementor-widget elementor-widget-text-editor\" data-id=\"53e600a\" data-element_type=\"widget\" data-widget_type=\"text-editor.default\">\n\t\t\t\t<div class=\"elementor-widget-container\">\n\t\t\t\t\t\t\t\t\t<p><b>Vuoi contribuire a creare il nuovo standard nella visibilit\u00e0 online?<\/b><\/p><p><span style=\"font-weight: 400;\">L&#8217;IA sta cambiando tutto. Il modo in cui le persone cercano, il modo in cui i marchi vengono trovati e il modo in cui le aziende crescono. In <\/span>PionAIers<span style=\"font-weight: 400;\"> aiutiamo le organizzazioni non solo a essere visibili su Google, ma anche su ChatGPT, Perplexity e Gemini. Noi lo chiamiamo: <\/span>GEO, Generative Engine Optimization.<\/p><p><strong><span style=\"color: #000000;\">E tu?<\/span><\/strong><span style=\"font-weight: 400;\"><br><\/span><span style=\"font-weight: 400;\">Diventerai il volto commerciale che convincer\u00e0 le organizzazioni che il treno dell&#8217;IA <\/span><i><span style=\"font-weight: 400;\">sta<\/span><\/i><span style=\"font-weight: 400;\"> partendo ora e che devono salire a bordo con noi.<\/span><\/p>\t\t\t\t\t\t\t\t<\/div>\n\t\t\t\t<\/div>\n\t\t\t\t<div class=\"elementor-element elementor-element-7503eff elementor-widget elementor-widget-heading\" data-id=\"7503eff\" data-element_type=\"widget\" data-widget_type=\"heading.default\">\n\t\t\t\t<div class=\"elementor-widget-container\">\n\t\t\t\t\t<h2 class=\"elementor-heading-title elementor-size-default\">Il tuo ruolo: apri porte che non esistono ancora<\/h2>\t\t\t\t<\/div>\n\t\t\t\t<\/div>\n\t\t\t\t<div class=\"elementor-element elementor-element-97fc473 elementor-widget elementor-widget-text-editor\" data-id=\"97fc473\" data-element_type=\"widget\" data-widget_type=\"text-editor.default\">\n\t\t\t\t<div class=\"elementor-widget-container\">\n\t\t\t\t\t\t\t\t\t<p><span style=\"font-weight: 400;\">Come professionista del Business Development presso PionAIers, non sei il venditore standard che fa telefonate. Tu: <\/span><\/p><ul><li style=\"font-weight: 400;\" aria-level=\"1\"><span style=\"font-weight: 400;\">Individua opportunit\u00e0 in un mercato che sta appena nascendo.<\/span><\/li><li style=\"font-weight: 400;\" aria-level=\"1\"><span style=\"font-weight: 400;\">Spiega perch\u00e9 le aziende non si accontentano pi\u00f9 della sola SEO, ma devono anche rivendicare la rilevabilit\u00e0 dell&#8217;IA.<\/span><span style=\"font-weight: 400;\"><br><\/span><span style=\"font-weight: 400;\">Intrattieni conversazioni con direzioni, responsabili marketing e team di e-commerce su dominio dell&#8217;IA, strategie AEO\/GEO e crescita sostenibile.<\/span><\/li><li style=\"font-weight: 400;\" aria-level=\"1\"><span style=\"font-weight: 400;\">Vendi soluzioni come AI Readiness Scan, GEO-Audit, sessioni di strategia AI e corsi di formazione AI.<\/span><\/li><li style=\"font-weight: 400;\" aria-level=\"1\"><span style=\"font-weight: 400;\">Costruisci un funnel commerciale che sia intelligente, scalabile ed efficace.<\/span><\/li><li style=\"font-weight: 400;\" aria-level=\"1\"><span style=\"font-weight: 400;\">Testa nuovi pitch, framework e modelli di proposta: sei co-architetto della nostra crescita.<\/span><\/li><\/ul><p> <\/p><p><span style=\"font-weight: 400;\">In breve: aiuti le aziende a diventare <\/span><b>visibili a prova di futuro<\/b><span style=\"font-weight: 400;\">, prima che lo faccia la loro concorrenza.<\/span><\/p>\t\t\t\t\t\t\t\t<\/div>\n\t\t\t\t<\/div>\n\t\t\t\t<\/div>\n\t\t<div class=\"elementor-element elementor-element-ad14061 e-con-full e-flex elementor-invisible e-con e-child\" data-id=\"ad14061\" data-element_type=\"container\" data-settings=\"{&quot;animation&quot;:&quot;fadeInRight&quot;}\">\n\t\t\t\t<div class=\"elementor-element elementor-element-05a9ba8 elementor-widget elementor-widget-heading\" data-id=\"05a9ba8\" data-element_type=\"widget\" data-widget_type=\"heading.default\">\n\t\t\t\t<div class=\"elementor-widget-container\">\n\t\t\t\t\t<h2 class=\"elementor-heading-title elementor-size-default\">Cosa porti con te:<\/h2>\t\t\t\t<\/div>\n\t\t\t\t<\/div>\n\t\t\t\t<div class=\"elementor-element elementor-element-d03660b elementor-widget elementor-widget-text-editor\" data-id=\"d03660b\" data-element_type=\"widget\" data-widget_type=\"text-editor.default\">\n\t\t\t\t<div class=\"elementor-widget-container\">\n\t\t\t\t\t\t\t\t\t<ul><li style=\"font-weight: 400;\" aria-level=\"1\"><span style=\"font-weight: 400;\">Hai esperienza commerciale (B2B\/agenzia\/tech = un grande vantaggio).<\/span><\/li><li style=\"font-weight: 400;\" aria-level=\"1\"><span style=\"font-weight: 400;\">Sei entusiasta di termini come <\/span><i><span style=\"font-weight: 400;\">AI-visibility, conversational search, GEO, entity-building, citations, topical clusters<\/span><\/i><span style=\"font-weight: 400;\"> e <\/span><i><span style=\"font-weight: 400;\">AEO<\/span><\/i><span style=\"font-weight: 400;\">. Se non sai ancora tutto, ti assicuri di saperlo rapidamente.<\/span><\/li><li style=\"font-weight: 400;\" aria-level=\"1\"><span style=\"font-weight: 400;\">Passi facilmente tra contenuto, relazione e chiusura dell&#8217;affare.<\/span><\/li><li style=\"font-weight: 400;\" aria-level=\"1\"><span style=\"font-weight: 400;\">Sei creativo nel tuo approccio commerciale; ti piace testare nuove idee.<\/span><\/li><li style=\"font-weight: 400;\" aria-level=\"1\"><span style=\"font-weight: 400;\">Hai energia, iniziativa e potere di persuasione.<\/span><\/li><li style=\"font-weight: 400;\" aria-level=\"1\"><span style=\"font-weight: 400;\">Ti piace lavorare in un&#8217;etichetta simile a una startup all&#8217;interno di un&#8217;agenzia consolidata (Zeo).<\/span><\/li><\/ul>\t\t\t\t\t\t\t\t<\/div>\n\t\t\t\t<\/div>\n\t\t\t\t<div class=\"elementor-element elementor-element-331f7a9 elementor-widget elementor-widget-heading\" data-id=\"331f7a9\" data-element_type=\"widget\" data-widget_type=\"heading.default\">\n\t\t\t\t<div class=\"elementor-widget-container\">\n\t\t\t\t\t<h2 class=\"elementor-heading-title elementor-size-default\">Cosa ottieni:<\/h2>\t\t\t\t<\/div>\n\t\t\t\t<\/div>\n\t\t\t\t<div class=\"elementor-element elementor-element-20a9c38 elementor-widget elementor-widget-text-editor\" data-id=\"20a9c38\" data-element_type=\"widget\" data-widget_type=\"text-editor.default\">\n\t\t\t\t<div class=\"elementor-widget-container\">\n\t\t\t\t\t\t\t\t\t<p><span style=\"font-weight: 400;\">Lavori presso PionAIers, ma dall&#8217;ufficio moderno di Zeo a Utrecht. Quindi ottieni: <\/span><\/p><p><b>Buone condizioni:<\/b><\/p><ul><li style=\"font-weight: 400;\" aria-level=\"1\"><span style=\"font-weight: 400;\">Stipendio in base all&#8217;esperienza, tra <\/span>\u20ac2.600 \u2013 \u20ac4.000.<\/li><li style=\"font-weight: 400;\" aria-level=\"1\"><span style=\"font-weight: 400;\">Piano pensionistico.<\/span><\/li><li style=\"font-weight: 400;\" aria-level=\"1\"><span style=\"font-weight: 400;\">Giorni di vacanza illimitati.<\/span><\/li><li style=\"font-weight: 400;\" aria-level=\"1\"><span style=\"font-weight: 400;\">Rimborso spese di viaggio.<\/span><\/li><li style=\"font-weight: 400;\" aria-level=\"1\"><span style=\"font-weight: 400;\">Budget per la formazione per continuare a svilupparti.<\/span><\/li><li style=\"font-weight: 400;\" aria-level=\"1\"><span style=\"font-weight: 400;\">Lavoro ibrido se lo desideri.<\/span><\/li><li style=\"font-weight: 400;\" aria-level=\"1\"><span style=\"font-weight: 400;\">Un ufficio pieno di colleghi fantastici, aperitivi del venerd\u00ec pomeriggio e una cultura in cui divertimento e prestazioni vanno di pari passo.<\/span> <\/li><\/ul><p> <\/p><p><b>Extra da PionAIers:<\/b><\/p><ul><li style=\"font-weight: 400;\" aria-level=\"1\"><span style=\"font-weight: 400;\">Lavorare in uno dei primi team specializzati in GEO nei Paesi Bassi.<\/span><\/li><li style=\"font-weight: 400;\" aria-level=\"1\"><span style=\"font-weight: 400;\">Contribuire direttamente a una proposta che si sta inventando: le tue idee contano davvero.<\/span><\/li><li style=\"font-weight: 400;\" aria-level=\"1\"><span style=\"font-weight: 400;\">Contribuisci a creare lo standard per la rilevabilit\u00e0 dell&#8217;IA nei Paesi Bassi.<\/span><\/li><\/ul><p> <\/p><p><span style=\"font-weight: 400;\">Lavori in un piccolo e <\/span><span style=\"font-weight: 400;\">veloce team che fa le cose invece di parlarne.<\/span><span style=\"font-weight: 400;\"><br><\/span><\/p>\t\t\t\t\t\t\t\t<\/div>\n\t\t\t\t<\/div>\n\t\t\t\t<\/div>\n\t\t<div class=\"elementor-element elementor-element-bbd34f0 e-con-full e-flex elementor-invisible e-con e-child\" data-id=\"bbd34f0\" data-element_type=\"container\" data-settings=\"{&quot;animation&quot;:&quot;fadeInRight&quot;}\">\n\t\t\t\t<div class=\"elementor-element elementor-element-8612f44 elementor-widget elementor-widget-image\" data-id=\"8612f44\" data-element_type=\"widget\" data-settings=\"{&quot;_animation&quot;:&quot;none&quot;}\" data-widget_type=\"image.default\">\n\t\t\t\t<div class=\"elementor-widget-container\">\n\t\t\t\t\t\t\t\t\t\t\t\t\t\t\t<img decoding=\"async\" width=\"768\" height=\"1024\" src=\"https:\/\/pionaiers.nl\/wp-content\/uploads\/2025\/11\/lisa-annika-dylan-maris-2-768x1024.jpg\" class=\"attachment-large size-large wp-image-1390\" alt=\"\" srcset=\"https:\/\/pionaiers.nl\/wp-content\/uploads\/2025\/11\/lisa-annika-dylan-maris-2-768x1024.jpg 768w, https:\/\/pionaiers.nl\/wp-content\/uploads\/2025\/11\/lisa-annika-dylan-maris-2-225x300.jpg 225w, https:\/\/pionaiers.nl\/wp-content\/uploads\/2025\/11\/lisa-annika-dylan-maris-2-1152x1536.jpg 1152w, https:\/\/pionaiers.nl\/wp-content\/uploads\/2025\/11\/lisa-annika-dylan-maris-2-1536x2048.jpg 1536w, https:\/\/pionaiers.nl\/wp-content\/uploads\/2025\/11\/lisa-annika-dylan-maris-2-scaled.jpg 1920w\" sizes=\"(max-width: 768px) 100vw, 768px\" \/>\t\t\t\t\t\t\t\t\t\t\t\t\t\t\t<\/div>\n\t\t\t\t<\/div>\n\t\t\t\t<\/div>\n\t\t\t\t\t<\/div>\n\t\t\t\t<\/div>\n\t\t<div class=\"elementor-element elementor-element-4b62bf9 e-flex e-con-boxed e-con e-parent\" data-id=\"4b62bf9\" data-element_type=\"container\">\n\t\t\t\t\t<div class=\"e-con-inner\">\n\t\t\t\t<div class=\"elementor-element elementor-element-70fea19 elementor-widget elementor-widget-text-editor\" data-id=\"70fea19\" data-element_type=\"widget\" data-widget_type=\"text-editor.default\">\n\t\t\t\t<div class=\"elementor-widget-container\">\n\t\t\t\t\t\t\t\t\t<p><span style=\"color: #000000;\"><strong>Questo lavoro \u00e8 tutt&#8217;altro che una funzione di vendita standard.<\/strong><\/span><br data-start=\"53\" data-end=\"56\"><span style=\"color: #000000;\">Aiuti le aziende a crescere in un mercato in rapida evoluzione. <\/span><span style=\"color: #000000;\">Non vendendo marketing standard, ma mostrando la nuova realt\u00e0.<\/span><br data-start=\"211\" data-end=\"214\"><span style=\"color: #000000;\">Parli con i clienti del loro futuro e contribuisci a creare qualcosa che va oltre il semplice &#8220;ennesimo servizio di agenzia&#8221;.<\/span><\/p><p><span style=\"color: #000000;\"><span style=\"font-weight: 400;\">Sei letteralmente <\/span>in prima linea in una rivoluzione dell&#8217;IA. <\/span><span style=\"color: #000000;\"><b>Ti sembra la tua nuova avventura?<\/b><\/span><\/p><p><span style=\"font-weight: 400; color: #000000;\">Invia il tuo CV e una breve lettera di presentazione a mariska@pionaiers.nl. <\/span><\/p>\t\t\t\t\t\t\t\t<\/div>\n\t\t\t\t<\/div>\n\t\t\t\t\t<\/div>\n\t\t\t\t<\/div>\n\t\t\t\t<\/div>\n\t\t","protected":false},"excerpt":{"rendered":"<p>Offerta di lavoro: Business Development \/ Sales (AI &amp; GEO) PionAIers Vuoi contribuire a creare il nuovo standard nella visibilit\u00e0 online? L&#8217;IA sta cambiando tutto. Il modo in cui le persone cercano, il modo in cui i marchi vengono trovati e il modo in cui le aziende crescono. In PionAIers aiutiamo le organizzazioni non solo [&hellip;]<\/p>\n","protected":false},"author":1,"featured_media":0,"parent":0,"menu_order":0,"comment_status":"closed","ping_status":"closed","template":"elementor_header_footer","meta":{"footnotes":""},"class_list":["post-1388","page","type-page","status-publish","hentry"],"yoast_head":"<!-- This site is optimized with the Yoast SEO plugin v27.5 - https:\/\/yoast.com\/product\/yoast-seo-wordpress\/ -->\n<title>Lavora con noi - PionAIers<\/title>\n<meta name=\"robots\" content=\"index, follow, max-snippet:-1, max-image-preview:large, max-video-preview:-1\" \/>\n<link rel=\"canonical\" href=\"https:\/\/pionaiers.nl\/it\/lavora-con-noi\/\" \/>\n<meta property=\"og:locale\" content=\"it_IT\" \/>\n<meta property=\"og:type\" content=\"article\" \/>\n<meta property=\"og:title\" content=\"Lavora con noi - PionAIers\" \/>\n<meta property=\"og:description\" content=\"Offerta di lavoro: Business Development \/ Sales (AI &amp; GEO) PionAIers Vuoi contribuire a creare il nuovo standard nella visibilit\u00e0 online? L&#8217;IA sta cambiando tutto. Il modo in cui le persone cercano, il modo in cui i marchi vengono trovati e il modo in cui le aziende crescono. In PionAIers aiutiamo le organizzazioni non solo [&hellip;]\" \/>\n<meta property=\"og:url\" content=\"https:\/\/pionaiers.nl\/it\/lavora-con-noi\/\" \/>\n<meta property=\"og:site_name\" content=\"PionAIers\" \/>\n<meta property=\"article:modified_time\" content=\"2025-11-20T09:40:07+00:00\" \/>\n<meta property=\"og:image\" content=\"https:\/\/pionaiers.nl\/wp-content\/uploads\/2025\/11\/ZeoKantoor03-1024x683.jpg\" \/>\n\t<meta property=\"og:image:width\" content=\"1024\" \/>\n\t<meta property=\"og:image:height\" content=\"683\" \/>\n\t<meta property=\"og:image:type\" content=\"image\/jpeg\" \/>\n<meta name=\"twitter:card\" content=\"summary_large_image\" \/>\n<meta name=\"twitter:label1\" content=\"Tempo di lettura stimato\" \/>\n\t<meta name=\"twitter:data1\" content=\"3 minuti\" \/>\n<script type=\"application\/ld+json\" class=\"yoast-schema-graph\">{\"@context\":\"https:\\\/\\\/schema.org\",\"@graph\":[{\"@type\":\"WebPage\",\"@id\":\"https:\\\/\\\/pionaiers.nl\\\/it\\\/lavora-con-noi\\\/\",\"url\":\"https:\\\/\\\/pionaiers.nl\\\/it\\\/lavora-con-noi\\\/\",\"name\":\"Lavora con noi - PionAIers\",\"isPartOf\":{\"@id\":\"https:\\\/\\\/pionaiers.nl\\\/it\\\/#website\"},\"primaryImageOfPage\":{\"@id\":\"https:\\\/\\\/pionaiers.nl\\\/it\\\/lavora-con-noi\\\/#primaryimage\"},\"image\":{\"@id\":\"https:\\\/\\\/pionaiers.nl\\\/it\\\/lavora-con-noi\\\/#primaryimage\"},\"thumbnailUrl\":\"https:\\\/\\\/pionaiers.nl\\\/wp-content\\\/uploads\\\/2025\\\/11\\\/ZeoKantoor03-1024x683.jpg\",\"datePublished\":\"2025-05-22T04:08:55+00:00\",\"dateModified\":\"2025-11-20T09:40:07+00:00\",\"breadcrumb\":{\"@id\":\"https:\\\/\\\/pionaiers.nl\\\/it\\\/lavora-con-noi\\\/#breadcrumb\"},\"inLanguage\":\"it-IT\",\"potentialAction\":[{\"@type\":\"ReadAction\",\"target\":[\"https:\\\/\\\/pionaiers.nl\\\/it\\\/lavora-con-noi\\\/\"]}]},{\"@type\":\"ImageObject\",\"inLanguage\":\"it-IT\",\"@id\":\"https:\\\/\\\/pionaiers.nl\\\/it\\\/lavora-con-noi\\\/#primaryimage\",\"url\":\"https:\\\/\\\/pionaiers.nl\\\/wp-content\\\/uploads\\\/2025\\\/11\\\/ZeoKantoor03-1024x683.jpg\",\"contentUrl\":\"https:\\\/\\\/pionaiers.nl\\\/wp-content\\\/uploads\\\/2025\\\/11\\\/ZeoKantoor03-1024x683.jpg\"},{\"@type\":\"BreadcrumbList\",\"@id\":\"https:\\\/\\\/pionaiers.nl\\\/it\\\/lavora-con-noi\\\/#breadcrumb\",\"itemListElement\":[{\"@type\":\"ListItem\",\"position\":1,\"name\":\"Home\",\"item\":\"https:\\\/\\\/pionaiers.nl\\\/it\\\/\"},{\"@type\":\"ListItem\",\"position\":2,\"name\":\"Lavora con noi\"}]},{\"@type\":\"WebSite\",\"@id\":\"https:\\\/\\\/pionaiers.nl\\\/it\\\/#website\",\"url\":\"https:\\\/\\\/pionaiers.nl\\\/it\\\/\",\"name\":\"PionAIers\",\"description\":\"\",\"potentialAction\":[{\"@type\":\"SearchAction\",\"target\":{\"@type\":\"EntryPoint\",\"urlTemplate\":\"https:\\\/\\\/pionaiers.nl\\\/it\\\/?s={search_term_string}\"},\"query-input\":{\"@type\":\"PropertyValueSpecification\",\"valueRequired\":true,\"valueName\":\"search_term_string\"}}],\"inLanguage\":\"it-IT\"}]}<\/script>\n<!-- \/ Yoast SEO plugin. -->","yoast_head_json":{"title":"Lavora con noi - PionAIers","robots":{"index":"index","follow":"follow","max-snippet":"max-snippet:-1","max-image-preview":"max-image-preview:large","max-video-preview":"max-video-preview:-1"},"canonical":"https:\/\/pionaiers.nl\/it\/lavora-con-noi\/","og_locale":"it_IT","og_type":"article","og_title":"Lavora con noi - PionAIers","og_description":"Offerta di lavoro: Business Development \/ Sales (AI &amp; GEO) PionAIers Vuoi contribuire a creare il nuovo standard nella visibilit\u00e0 online? L&#8217;IA sta cambiando tutto. Il modo in cui le persone cercano, il modo in cui i marchi vengono trovati e il modo in cui le aziende crescono. In PionAIers aiutiamo le organizzazioni non solo [&hellip;]","og_url":"https:\/\/pionaiers.nl\/it\/lavora-con-noi\/","og_site_name":"PionAIers","article_modified_time":"2025-11-20T09:40:07+00:00","og_image":[{"width":1024,"height":683,"url":"https:\/\/pionaiers.nl\/wp-content\/uploads\/2025\/11\/ZeoKantoor03-1024x683.jpg","type":"image\/jpeg"}],"twitter_card":"summary_large_image","twitter_misc":{"Tempo di lettura stimato":"3 minuti"},"schema":{"@context":"https:\/\/schema.org","@graph":[{"@type":"WebPage","@id":"https:\/\/pionaiers.nl\/it\/lavora-con-noi\/","url":"https:\/\/pionaiers.nl\/it\/lavora-con-noi\/","name":"Lavora con noi - PionAIers","isPartOf":{"@id":"https:\/\/pionaiers.nl\/it\/#website"},"primaryImageOfPage":{"@id":"https:\/\/pionaiers.nl\/it\/lavora-con-noi\/#primaryimage"},"image":{"@id":"https:\/\/pionaiers.nl\/it\/lavora-con-noi\/#primaryimage"},"thumbnailUrl":"https:\/\/pionaiers.nl\/wp-content\/uploads\/2025\/11\/ZeoKantoor03-1024x683.jpg","datePublished":"2025-05-22T04:08:55+00:00","dateModified":"2025-11-20T09:40:07+00:00","breadcrumb":{"@id":"https:\/\/pionaiers.nl\/it\/lavora-con-noi\/#breadcrumb"},"inLanguage":"it-IT","potentialAction":[{"@type":"ReadAction","target":["https:\/\/pionaiers.nl\/it\/lavora-con-noi\/"]}]},{"@type":"ImageObject","inLanguage":"it-IT","@id":"https:\/\/pionaiers.nl\/it\/lavora-con-noi\/#primaryimage","url":"https:\/\/pionaiers.nl\/wp-content\/uploads\/2025\/11\/ZeoKantoor03-1024x683.jpg","contentUrl":"https:\/\/pionaiers.nl\/wp-content\/uploads\/2025\/11\/ZeoKantoor03-1024x683.jpg"},{"@type":"BreadcrumbList","@id":"https:\/\/pionaiers.nl\/it\/lavora-con-noi\/#breadcrumb","itemListElement":[{"@type":"ListItem","position":1,"name":"Home","item":"https:\/\/pionaiers.nl\/it\/"},{"@type":"ListItem","position":2,"name":"Lavora con noi"}]},{"@type":"WebSite","@id":"https:\/\/pionaiers.nl\/it\/#website","url":"https:\/\/pionaiers.nl\/it\/","name":"PionAIers","description":"","potentialAction":[{"@type":"SearchAction","target":{"@type":"EntryPoint","urlTemplate":"https:\/\/pionaiers.nl\/it\/?s={search_term_string}"},"query-input":{"@type":"PropertyValueSpecification","valueRequired":true,"valueName":"search_term_string"}}],"inLanguage":"it-IT"}]}},"_links":{"self":[{"href":"https:\/\/pionaiers.nl\/it\/wp-json\/wp\/v2\/pages\/1388","targetHints":{"allow":["GET"]}}],"collection":[{"href":"https:\/\/pionaiers.nl\/it\/wp-json\/wp\/v2\/pages"}],"about":[{"href":"https:\/\/pionaiers.nl\/it\/wp-json\/wp\/v2\/types\/page"}],"author":[{"embeddable":true,"href":"https:\/\/pionaiers.nl\/it\/wp-json\/wp\/v2\/users\/1"}],"replies":[{"embeddable":true,"href":"https:\/\/pionaiers.nl\/it\/wp-json\/wp\/v2\/comments?post=1388"}],"version-history":[{"count":5,"href":"https:\/\/pionaiers.nl\/it\/wp-json\/wp\/v2\/pages\/1388\/revisions"}],"predecessor-version":[{"id":1420,"href":"https:\/\/pionaiers.nl\/it\/wp-json\/wp\/v2\/pages\/1388\/revisions\/1420"}],"wp:attachment":[{"href":"https:\/\/pionaiers.nl\/it\/wp-json\/wp\/v2\/media?parent=1388"}],"curies":[{"name":"wp","href":"https:\/\/api.w.org\/{rel}","templated":true}]}}