{"id":1222,"date":"2025-05-22T04:08:55","date_gmt":"2025-05-22T04:08:55","guid":{"rendered":"https:\/\/pionaiers.nl\/10-domande-frequenti\/"},"modified":"2025-11-10T18:55:29","modified_gmt":"2025-11-10T18:55:29","slug":"10-domande-frequenti","status":"publish","type":"page","link":"https:\/\/pionaiers.nl\/it\/10-domande-frequenti\/","title":{"rendered":"10 Domande Frequenti"},"content":{"rendered":"\t\t<div data-elementor-type=\"wp-page\" data-elementor-id=\"1222\" class=\"elementor elementor-1222 elementor-715\" data-elementor-post-type=\"page\">\n\t\t\t\t<div class=\"elementor-element elementor-element-674eaa67 e-flex e-con-boxed e-con e-parent\" data-id=\"674eaa67\" data-element_type=\"container\" data-settings=\"{&quot;background_background&quot;:&quot;classic&quot;}\">\n\t\t\t\t\t<div class=\"e-con-inner\">\n\t\t<div class=\"elementor-element elementor-element-55d85a92 e-flex e-con-boxed e-con e-child\" data-id=\"55d85a92\" data-element_type=\"container\">\n\t\t\t\t\t<div class=\"e-con-inner\">\n\t\t\t\t<div class=\"elementor-element elementor-element-12cc7923 elementor-invisible elementor-widget elementor-widget-heading\" data-id=\"12cc7923\" data-element_type=\"widget\" data-settings=\"{&quot;_animation&quot;:&quot;fadeInDown&quot;,&quot;_animation_delay&quot;:200}\" data-widget_type=\"heading.default\">\n\t\t\t\t<div class=\"elementor-widget-container\">\n\t\t\t\t\t<h1 class=\"elementor-heading-title elementor-size-default\">10 Domande Frequenti<\/h1>\t\t\t\t<\/div>\n\t\t\t\t<\/div>\n\t\t\t\t\t<\/div>\n\t\t\t\t<\/div>\n\t\t\t\t\t<\/div>\n\t\t\t\t<\/div>\n\t\t<div class=\"elementor-element elementor-element-624fc148 e-flex e-con-boxed e-con e-parent\" data-id=\"624fc148\" data-element_type=\"container\">\n\t\t\t\t\t<div class=\"e-con-inner\">\n\t\t<div class=\"elementor-element elementor-element-2ad01542 e-con-full e-flex elementor-invisible e-con e-child\" data-id=\"2ad01542\" data-element_type=\"container\" data-settings=\"{&quot;animation&quot;:&quot;fadeInRight&quot;}\">\n\t\t\t\t<div class=\"elementor-element elementor-element-53f3512 elementor-align-center elementor-widget elementor-widget-lottie\" data-id=\"53f3512\" data-element_type=\"widget\" data-settings=\"{&quot;source_json&quot;:{&quot;url&quot;:&quot;https:\\\/\\\/pionaiers.nl\\\/wp-content\\\/uploads\\\/2025\\\/05\\\/hKrW6azbsE.json&quot;,&quot;id&quot;:237,&quot;size&quot;:&quot;&quot;,&quot;alt&quot;:&quot;&quot;,&quot;source&quot;:&quot;library&quot;},&quot;loop&quot;:&quot;yes&quot;,&quot;reverse_animation&quot;:&quot;yes&quot;,&quot;lazyload&quot;:&quot;yes&quot;,&quot;sticky&quot;:&quot;top&quot;,&quot;sticky_on&quot;:[&quot;desktop&quot;,&quot;tablet&quot;],&quot;sticky_parent&quot;:&quot;yes&quot;,&quot;sticky_offset&quot;:100,&quot;sticky_effects_offset&quot;:100,&quot;sticky_anchor_link_offset&quot;:10,&quot;source&quot;:&quot;media_file&quot;,&quot;caption_source&quot;:&quot;none&quot;,&quot;link_to&quot;:&quot;none&quot;,&quot;trigger&quot;:&quot;arriving_to_viewport&quot;,&quot;viewport&quot;:{&quot;unit&quot;:&quot;%&quot;,&quot;size&quot;:&quot;&quot;,&quot;sizes&quot;:{&quot;start&quot;:0,&quot;end&quot;:100}},&quot;play_speed&quot;:{&quot;unit&quot;:&quot;px&quot;,&quot;size&quot;:1,&quot;sizes&quot;:[]},&quot;start_point&quot;:{&quot;unit&quot;:&quot;%&quot;,&quot;size&quot;:0,&quot;sizes&quot;:[]},&quot;end_point&quot;:{&quot;unit&quot;:&quot;%&quot;,&quot;size&quot;:100,&quot;sizes&quot;:[]},&quot;renderer&quot;:&quot;svg&quot;}\" data-widget_type=\"lottie.default\">\n\t\t\t\t<div class=\"elementor-widget-container\">\n\t\t\t\t\t<div class=\"e-lottie__container\"><div class=\"e-lottie__animation\"><\/div><\/div>\t\t\t\t<\/div>\n\t\t\t\t<\/div>\n\t\t\t\t<\/div>\n\t\t<div class=\"elementor-element elementor-element-56bba4d2 e-con-full e-flex elementor-invisible e-con e-child\" data-id=\"56bba4d2\" data-element_type=\"container\" data-settings=\"{&quot;animation&quot;:&quot;fadeInRight&quot;}\">\n\t\t\t\t<div class=\"elementor-element elementor-element-141af491 elementor-widget elementor-widget-heading\" data-id=\"141af491\" data-element_type=\"widget\" data-widget_type=\"heading.default\">\n\t\t\t\t<div class=\"elementor-widget-container\">\n\t\t\t\t\t<h6 class=\"elementor-heading-title elementor-size-default\">10 Domande Frequenti<\/h6>\t\t\t\t<\/div>\n\t\t\t\t<\/div>\n\t\t\t\t<div class=\"elementor-element elementor-element-7d19011a elementor-widget elementor-widget-heading\" data-id=\"7d19011a\" data-element_type=\"widget\" data-widget_type=\"heading.default\">\n\t\t\t\t<div class=\"elementor-widget-container\">\n\t\t\t\t\t<h1 class=\"elementor-heading-title elementor-size-default\">10 domande frequenti<\/h1>\t\t\t\t<\/div>\n\t\t\t\t<\/div>\n\t\t\t\t<div class=\"elementor-element elementor-element-53e600a elementor-widget elementor-widget-text-editor\" data-id=\"53e600a\" data-element_type=\"widget\" data-widget_type=\"text-editor.default\">\n\t\t\t\t<div class=\"elementor-widget-container\">\n\t\t\t\t\t\t\t\t\t<h2><b>1. Cos&#8217;\u00e8 la Generative Engine Optimization (GEO)?<\/b><\/h2>\n<p><span style=\"font-weight: 400;\">La GEO \u00e8 l&#8217;ottimizzazione dei tuoi contenuti online in modo che le piattaforme AI come ChatGPT presentino la tua organizzazione come LA risposta. \u00c8 l&#8217;evoluzione della SEO, ma per le risposte generate dall&#8217;AI. <\/span><\/p>\n<h2><b>2. Perch\u00e9 la SEO tradizionale non \u00e8 pi\u00f9 sufficiente?<\/b><\/h2>\n<p><span style=\"font-weight: 400;\">La SEO si concentra sui risultati di ricerca di Google, ma le piattaforme AI utilizzano altri modi per selezionare i contenuti. Senza GEO, corri il rischio che i tuoi contenuti rimangano invisibili in questi sistemi basati sull&#8217;AI. <\/span><\/p>\n<h2><b>3. Come fa PionAIers a garantire che i miei contenuti diventino rintracciabili dall&#8217;AI?<\/b><\/h2>\n<p><span style=\"font-weight: 400;\">Analizziamo i tuoi contenuti per la rilevanza AI, ottimizziamo testi e strutture e ci assicuriamo che i tuoi dati siano presentati correttamente ai modelli AI come ChatGPT.<\/span><\/p>\n<h2><b>4. Devo adattare tutto il mio sito web per la GEO?<\/b><\/h2>\n<p><span style=\"font-weight: 400;\">No, la GEO pu\u00f2 essere applicata gradualmente. Iniziamo con le pagine pi\u00f9 importanti e da l\u00ec costruiamo, in modo che il tuo investimento produca risultati misurabili immediatamente. <\/span><\/p>\n<h2><b>5. Come misuro se la mia organizzazione \u00e8 visibile nelle piattaforme AI?<\/b><\/h2>\n<p><span style=\"font-weight: 400;\">Utilizziamo punteggi di visibilit\u00e0 e simulazioni nelle piattaforme AI per testare se i tuoi contenuti vengono rilevati. Inoltre, offriamo report sulla tua rintracciabilit\u00e0 nelle risposte AI. <\/span><\/p>\n<h2><b>6. Quali contenuti sono pi\u00f9 adatti per l&#8217;ottimizzazione GEO?<\/b><\/h2>\n<p><span style=\"font-weight: 400;\">Le pagine che rispondono frequentemente alle domande dei clienti, come pagine di prodotto, articoli di conoscenza e domande frequenti, sono ideali per la GEO. Anche whitepaper e casi di studio possono essere utilizzati efficacemente. <\/span><\/p>\n<h2><b>7. La GEO \u00e8 importante solo per le aziende B2B?<\/b><\/h2>\n<p><span style=\"font-weight: 400;\">No, anche le organizzazioni B2C beneficiano della GEO. Le piattaforme AI influenzano il processo di acquisto dei consumatori, rendendo la rintracciabilit\u00e0 AI sempre pi\u00f9 cruciale per TUTTI i settori. <\/span><\/p>\n<h2><b>8. Quanto velocemente vedo i risultati dell&#8217;ottimizzazione GEO?<\/b><\/h2>\n<p><span style=\"font-weight: 400;\">A seconda della complessit\u00e0 e del volume dei contenuti, spesso si vedono i primi risultati nelle piattaforme AI entro 4-8 settimane. La GEO \u00e8 un processo strategico, ma con vittorie rapide nella prima fase. <\/span><\/p>\n<h2><b>9. Come funziona l&#8217;AI come motore di ricerca?<\/b><\/h2>\n<p><span style=\"font-weight: 400;\">Le piattaforme AI non utilizzano elenchi di risultati di ricerca come Google. Generano risposte direttamente da quantit\u00e0 gigantesche di dati. Per questo \u00e8 cruciale che i tuoi contenuti siano compatibili con l&#8217;AI e possano servire da fonte.  <\/span><\/p>\n<h2><b>10. Qual \u00e8 la differenza tra GEO e SEO?<\/b><\/h2>\n<p><span style=\"font-weight: 400;\">La SEO ottimizza il tuo sito web per motori di ricerca come Google. La GEO fa un passo avanti e assicura che i tuoi contenuti vengano utilizzati direttamente nelle risposte AI. Si tratta di struttura, contesto e accessibilit\u00e0 per i modelli AI.  <\/span><\/p>\t\t\t\t\t\t\t\t<\/div>\n\t\t\t\t<\/div>\n\t\t\t\t<div class=\"elementor-element elementor-element-2f6aefb elementor-button-info elementor-align-center elementor-widget elementor-widget-button\" data-id=\"2f6aefb\" data-element_type=\"widget\" data-widget_type=\"button.default\">\n\t\t\t\t<div class=\"elementor-widget-container\">\n\t\t\t\t\t\t\t\t\t<div class=\"elementor-button-wrapper\">\n\t\t\t\t\t<a class=\"elementor-button elementor-button-link elementor-size-sm\" href=\"https:\/\/pionaiers.nl\/wp-content\/uploads\/2025\/08\/Propositiepaper-PionAIers.pdf\" target=\"_blank\">\n\t\t\t\t\t\t<span class=\"elementor-button-content-wrapper\">\n\t\t\t\t\t\t\t\t\t<span class=\"elementor-button-text\">Scarica il Proposizione Paper<\/span>\n\t\t\t\t\t<\/span>\n\t\t\t\t\t<\/a>\n\t\t\t\t<\/div>\n\t\t\t\t\t\t\t\t<\/div>\n\t\t\t\t<\/div>\n\t\t\t\t<div class=\"elementor-element elementor-element-de97868 elementor-widget elementor-widget-text-editor\" data-id=\"de97868\" data-element_type=\"widget\" data-widget_type=\"text-editor.default\">\n\t\t\t\t<div class=\"elementor-widget-container\">\n\t\t\t\t\t\t\t\t\t<p> <\/p><p> <\/p>\t\t\t\t\t\t\t\t<\/div>\n\t\t\t\t<\/div>\n\t\t\t\t<\/div>\n\t\t\t\t\t<\/div>\n\t\t\t\t<\/div>\n\t\t\t\t<\/div>\n\t\t","protected":false},"excerpt":{"rendered":"<p>10 domande frequenti 1. Cos&#8217;\u00e8 la Generative Engine Optimization (GEO)? La GEO \u00e8 l&#8217;ottimizzazione dei tuoi contenuti online in modo che le piattaforme AI come ChatGPT presentino la tua organizzazione come LA risposta. \u00c8 l&#8217;evoluzione della SEO, ma per le risposte generate dall&#8217;AI. 2. Perch\u00e9 la SEO tradizionale non \u00e8 pi\u00f9 sufficiente? La SEO si [&hellip;]<\/p>\n","protected":false},"author":1,"featured_media":0,"parent":0,"menu_order":0,"comment_status":"closed","ping_status":"closed","template":"elementor_header_footer","meta":{"footnotes":""},"class_list":["post-1222","page","type-page","status-publish","hentry"],"yoast_head":"<!-- This site is optimized with the Yoast SEO plugin v27.5 - https:\/\/yoast.com\/product\/yoast-seo-wordpress\/ -->\n<title>10 Domande Frequenti - PionAIers<\/title>\n<meta name=\"robots\" content=\"index, follow, max-snippet:-1, max-image-preview:large, max-video-preview:-1\" \/>\n<link rel=\"canonical\" href=\"https:\/\/pionaiers.nl\/it\/10-domande-frequenti\/\" \/>\n<meta property=\"og:locale\" content=\"it_IT\" \/>\n<meta property=\"og:type\" content=\"article\" \/>\n<meta property=\"og:title\" content=\"10 Domande Frequenti - PionAIers\" \/>\n<meta property=\"og:description\" content=\"10 domande frequenti 1. Cos&#8217;\u00e8 la Generative Engine Optimization (GEO)? La GEO \u00e8 l&#8217;ottimizzazione dei tuoi contenuti online in modo che le piattaforme AI come ChatGPT presentino la tua organizzazione come LA risposta. \u00c8 l&#8217;evoluzione della SEO, ma per le risposte generate dall&#8217;AI. 2. Perch\u00e9 la SEO tradizionale non \u00e8 pi\u00f9 sufficiente? La SEO si [&hellip;]\" \/>\n<meta property=\"og:url\" content=\"https:\/\/pionaiers.nl\/it\/10-domande-frequenti\/\" \/>\n<meta property=\"og:site_name\" content=\"PionAIers\" \/>\n<meta property=\"article:modified_time\" content=\"2025-11-10T18:55:29+00:00\" \/>\n<meta name=\"twitter:card\" content=\"summary_large_image\" \/>\n<meta name=\"twitter:label1\" content=\"Tempo di lettura stimato\" \/>\n\t<meta name=\"twitter:data1\" content=\"2 minuti\" \/>\n<script type=\"application\/ld+json\" class=\"yoast-schema-graph\">{\"@context\":\"https:\\\/\\\/schema.org\",\"@graph\":[{\"@type\":\"WebPage\",\"@id\":\"https:\\\/\\\/pionaiers.nl\\\/it\\\/10-domande-frequenti\\\/\",\"url\":\"https:\\\/\\\/pionaiers.nl\\\/it\\\/10-domande-frequenti\\\/\",\"name\":\"10 Domande Frequenti - PionAIers\",\"isPartOf\":{\"@id\":\"https:\\\/\\\/pionaiers.nl\\\/it\\\/#website\"},\"datePublished\":\"2025-05-22T04:08:55+00:00\",\"dateModified\":\"2025-11-10T18:55:29+00:00\",\"breadcrumb\":{\"@id\":\"https:\\\/\\\/pionaiers.nl\\\/it\\\/10-domande-frequenti\\\/#breadcrumb\"},\"inLanguage\":\"it-IT\",\"potentialAction\":[{\"@type\":\"ReadAction\",\"target\":[\"https:\\\/\\\/pionaiers.nl\\\/it\\\/10-domande-frequenti\\\/\"]}]},{\"@type\":\"BreadcrumbList\",\"@id\":\"https:\\\/\\\/pionaiers.nl\\\/it\\\/10-domande-frequenti\\\/#breadcrumb\",\"itemListElement\":[{\"@type\":\"ListItem\",\"position\":1,\"name\":\"Home\",\"item\":\"https:\\\/\\\/pionaiers.nl\\\/it\\\/\"},{\"@type\":\"ListItem\",\"position\":2,\"name\":\"10 Domande Frequenti\"}]},{\"@type\":\"WebSite\",\"@id\":\"https:\\\/\\\/pionaiers.nl\\\/it\\\/#website\",\"url\":\"https:\\\/\\\/pionaiers.nl\\\/it\\\/\",\"name\":\"PionAIers\",\"description\":\"\",\"potentialAction\":[{\"@type\":\"SearchAction\",\"target\":{\"@type\":\"EntryPoint\",\"urlTemplate\":\"https:\\\/\\\/pionaiers.nl\\\/it\\\/?s={search_term_string}\"},\"query-input\":{\"@type\":\"PropertyValueSpecification\",\"valueRequired\":true,\"valueName\":\"search_term_string\"}}],\"inLanguage\":\"it-IT\"}]}<\/script>\n<!-- \/ Yoast SEO plugin. -->","yoast_head_json":{"title":"10 Domande Frequenti - PionAIers","robots":{"index":"index","follow":"follow","max-snippet":"max-snippet:-1","max-image-preview":"max-image-preview:large","max-video-preview":"max-video-preview:-1"},"canonical":"https:\/\/pionaiers.nl\/it\/10-domande-frequenti\/","og_locale":"it_IT","og_type":"article","og_title":"10 Domande Frequenti - PionAIers","og_description":"10 domande frequenti 1. Cos&#8217;\u00e8 la Generative Engine Optimization (GEO)? La GEO \u00e8 l&#8217;ottimizzazione dei tuoi contenuti online in modo che le piattaforme AI come ChatGPT presentino la tua organizzazione come LA risposta. \u00c8 l&#8217;evoluzione della SEO, ma per le risposte generate dall&#8217;AI. 2. Perch\u00e9 la SEO tradizionale non \u00e8 pi\u00f9 sufficiente? La SEO si [&hellip;]","og_url":"https:\/\/pionaiers.nl\/it\/10-domande-frequenti\/","og_site_name":"PionAIers","article_modified_time":"2025-11-10T18:55:29+00:00","twitter_card":"summary_large_image","twitter_misc":{"Tempo di lettura stimato":"2 minuti"},"schema":{"@context":"https:\/\/schema.org","@graph":[{"@type":"WebPage","@id":"https:\/\/pionaiers.nl\/it\/10-domande-frequenti\/","url":"https:\/\/pionaiers.nl\/it\/10-domande-frequenti\/","name":"10 Domande Frequenti - PionAIers","isPartOf":{"@id":"https:\/\/pionaiers.nl\/it\/#website"},"datePublished":"2025-05-22T04:08:55+00:00","dateModified":"2025-11-10T18:55:29+00:00","breadcrumb":{"@id":"https:\/\/pionaiers.nl\/it\/10-domande-frequenti\/#breadcrumb"},"inLanguage":"it-IT","potentialAction":[{"@type":"ReadAction","target":["https:\/\/pionaiers.nl\/it\/10-domande-frequenti\/"]}]},{"@type":"BreadcrumbList","@id":"https:\/\/pionaiers.nl\/it\/10-domande-frequenti\/#breadcrumb","itemListElement":[{"@type":"ListItem","position":1,"name":"Home","item":"https:\/\/pionaiers.nl\/it\/"},{"@type":"ListItem","position":2,"name":"10 Domande Frequenti"}]},{"@type":"WebSite","@id":"https:\/\/pionaiers.nl\/it\/#website","url":"https:\/\/pionaiers.nl\/it\/","name":"PionAIers","description":"","potentialAction":[{"@type":"SearchAction","target":{"@type":"EntryPoint","urlTemplate":"https:\/\/pionaiers.nl\/it\/?s={search_term_string}"},"query-input":{"@type":"PropertyValueSpecification","valueRequired":true,"valueName":"search_term_string"}}],"inLanguage":"it-IT"}]}},"_links":{"self":[{"href":"https:\/\/pionaiers.nl\/it\/wp-json\/wp\/v2\/pages\/1222","targetHints":{"allow":["GET"]}}],"collection":[{"href":"https:\/\/pionaiers.nl\/it\/wp-json\/wp\/v2\/pages"}],"about":[{"href":"https:\/\/pionaiers.nl\/it\/wp-json\/wp\/v2\/types\/page"}],"author":[{"embeddable":true,"href":"https:\/\/pionaiers.nl\/it\/wp-json\/wp\/v2\/users\/1"}],"replies":[{"embeddable":true,"href":"https:\/\/pionaiers.nl\/it\/wp-json\/wp\/v2\/comments?post=1222"}],"version-history":[{"count":3,"href":"https:\/\/pionaiers.nl\/it\/wp-json\/wp\/v2\/pages\/1222\/revisions"}],"predecessor-version":[{"id":1225,"href":"https:\/\/pionaiers.nl\/it\/wp-json\/wp\/v2\/pages\/1222\/revisions\/1225"}],"wp:attachment":[{"href":"https:\/\/pionaiers.nl\/it\/wp-json\/wp\/v2\/media?parent=1222"}],"curies":[{"name":"wp","href":"https:\/\/api.w.org\/{rel}","templated":true}]}}