{"id":1384,"date":"2025-05-22T04:08:55","date_gmt":"2025-05-22T04:08:55","guid":{"rendered":"https:\/\/pionaiers.nl\/trabajar-en\/"},"modified":"2025-11-20T09:40:07","modified_gmt":"2025-11-20T09:40:07","slug":"trabajar-en","status":"publish","type":"page","link":"https:\/\/pionaiers.nl\/es\/trabajar-en\/","title":{"rendered":"Trabajar en"},"content":{"rendered":"\t\t<div data-elementor-type=\"wp-page\" data-elementor-id=\"1384\" class=\"elementor elementor-1384 elementor-1374\" data-elementor-post-type=\"page\">\n\t\t\t\t<div class=\"elementor-element elementor-element-674eaa67 e-flex e-con-boxed e-con e-parent\" data-id=\"674eaa67\" data-element_type=\"container\" data-settings=\"{&quot;background_background&quot;:&quot;classic&quot;}\">\n\t\t\t\t\t<div class=\"e-con-inner\">\n\t\t<div class=\"elementor-element elementor-element-55d85a92 e-flex e-con-boxed e-con e-child\" data-id=\"55d85a92\" data-element_type=\"container\">\n\t\t\t\t\t<div class=\"e-con-inner\">\n\t\t\t\t<div class=\"elementor-element elementor-element-12cc7923 elementor-invisible elementor-widget elementor-widget-heading\" data-id=\"12cc7923\" data-element_type=\"widget\" data-settings=\"{&quot;_animation&quot;:&quot;fadeInDown&quot;,&quot;_animation_delay&quot;:200}\" data-widget_type=\"heading.default\">\n\t\t\t\t<div class=\"elementor-widget-container\">\n\t\t\t\t\t<h1 class=\"elementor-heading-title elementor-size-default\">Trabajar en<\/h1>\t\t\t\t<\/div>\n\t\t\t\t<\/div>\n\t\t\t\t\t<\/div>\n\t\t\t\t<\/div>\n\t\t\t\t\t<\/div>\n\t\t\t\t<\/div>\n\t\t<div class=\"elementor-element elementor-element-624fc148 e-flex e-con-boxed e-con e-parent\" data-id=\"624fc148\" data-element_type=\"container\">\n\t\t\t\t\t<div class=\"e-con-inner\">\n\t\t\t\t<div class=\"elementor-element elementor-element-fffc827 elementor-widget elementor-widget-text-editor\" data-id=\"fffc827\" data-element_type=\"widget\" data-widget_type=\"text-editor.default\">\n\t\t\t\t<div class=\"elementor-widget-container\">\n\t\t\t\t\t\t\t\t\t<h2 class=\"elementor-heading-title elementor-size-default elementor-inline-editing pen\" contenteditable=\"true\" data-elementor-setting-key=\"title\" data-pen-placeholder=\"Hier typen...\">Vacante: Business Development \/ Ventas (AI &amp; GEO) PionAIers<\/h2>\t\t\t\t\t\t\t\t<\/div>\n\t\t\t\t<\/div>\n\t\t<div class=\"elementor-element elementor-element-2ad01542 e-con-full e-flex elementor-invisible e-con e-child\" data-id=\"2ad01542\" data-element_type=\"container\" data-settings=\"{&quot;animation&quot;:&quot;fadeInRight&quot;}\">\n\t\t\t\t<div class=\"elementor-element elementor-element-3155878 elementor-widget elementor-widget-image\" data-id=\"3155878\" data-element_type=\"widget\" data-settings=\"{&quot;_animation&quot;:&quot;none&quot;}\" data-widget_type=\"image.default\">\n\t\t\t\t<div class=\"elementor-widget-container\">\n\t\t\t\t\t\t\t\t\t\t\t\t\t\t\t<img fetchpriority=\"high\" decoding=\"async\" width=\"800\" height=\"534\" src=\"https:\/\/pionaiers.nl\/wp-content\/uploads\/2025\/11\/ZeoKantoor03-1024x683.jpg\" class=\"attachment-large size-large wp-image-1385\" alt=\"\" srcset=\"https:\/\/pionaiers.nl\/wp-content\/uploads\/2025\/11\/ZeoKantoor03-1024x683.jpg 1024w, https:\/\/pionaiers.nl\/wp-content\/uploads\/2025\/11\/ZeoKantoor03-300x200.jpg 300w, https:\/\/pionaiers.nl\/wp-content\/uploads\/2025\/11\/ZeoKantoor03-768x512.jpg 768w, https:\/\/pionaiers.nl\/wp-content\/uploads\/2025\/11\/ZeoKantoor03-1536x1024.jpg 1536w, https:\/\/pionaiers.nl\/wp-content\/uploads\/2025\/11\/ZeoKantoor03-2048x1366.jpg 2048w\" sizes=\"(max-width: 800px) 100vw, 800px\" \/>\t\t\t\t\t\t\t\t\t\t\t\t\t\t\t<\/div>\n\t\t\t\t<\/div>\n\t\t\t\t<\/div>\n\t\t<div class=\"elementor-element elementor-element-56bba4d2 e-con-full e-flex elementor-invisible e-con e-child\" data-id=\"56bba4d2\" data-element_type=\"container\" data-settings=\"{&quot;animation&quot;:&quot;fadeInRight&quot;}\">\n\t\t\t\t<div class=\"elementor-element elementor-element-53e600a elementor-widget elementor-widget-text-editor\" data-id=\"53e600a\" data-element_type=\"widget\" data-widget_type=\"text-editor.default\">\n\t\t\t\t<div class=\"elementor-widget-container\">\n\t\t\t\t\t\t\t\t\t<p><b>\u00bfConstruyes con nosotros el nuevo est\u00e1ndar en visibilidad online?<\/b><\/p><p><span style=\"font-weight: 400;\">La IA lo est\u00e1 cambiando todo. La forma en que la gente busca, la forma en que se encuentran las marcas y la forma en que crecen las empresas. En <\/span>PionAIers<span style=\"font-weight: 400;\"> ayudamos a las organizaciones no solo a ser visibles en Google, sino tambi\u00e9n en ChatGPT, Perplexity y Gemini. A eso lo llamamos: <\/span>GEO, Optimizaci\u00f3n de Motores Generativos.<\/p><p><strong><span style=\"color: #000000;\">\u00bfY t\u00fa?<\/span><\/strong><span style=\"font-weight: 400;\"><br><\/span><span style=\"font-weight: 400;\">T\u00fa ser\u00e1s la cara comercial que convenza a las organizaciones de que el tren de la IA <\/span><i><span style=\"font-weight: 400;\">est\u00e1<\/span><\/i><span style=\"font-weight: 400;\"> a punto de salir, y de que deben subirse con nosotros.<\/span><\/p>\t\t\t\t\t\t\t\t<\/div>\n\t\t\t\t<\/div>\n\t\t\t\t<div class=\"elementor-element elementor-element-7503eff elementor-widget elementor-widget-heading\" data-id=\"7503eff\" data-element_type=\"widget\" data-widget_type=\"heading.default\">\n\t\t\t\t<div class=\"elementor-widget-container\">\n\t\t\t\t\t<h2 class=\"elementor-heading-title elementor-size-default\">Tu funci\u00f3n: abrir puertas que a\u00fan no existen<\/h2>\t\t\t\t<\/div>\n\t\t\t\t<\/div>\n\t\t\t\t<div class=\"elementor-element elementor-element-97fc473 elementor-widget elementor-widget-text-editor\" data-id=\"97fc473\" data-element_type=\"widget\" data-widget_type=\"text-editor.default\">\n\t\t\t\t<div class=\"elementor-widget-container\">\n\t\t\t\t\t\t\t\t\t<p><span style=\"font-weight: 400;\">Como profesional de Business Development en PionAIers, no eres el vendedor est\u00e1ndar que hace llamadas. T\u00fa: <\/span><\/p><ul><li style=\"font-weight: 400;\" aria-level=\"1\"><span style=\"font-weight: 400;\">Detectas oportunidades en un mercado que apenas est\u00e1 surgiendo.<\/span><\/li><li style=\"font-weight: 400;\" aria-level=\"1\"><span style=\"font-weight: 400;\">Explicas por qu\u00e9 las empresas ya no tienen suficiente con el SEO, sino que tambi\u00e9n deben reclamar la visibilidad en la IA.<\/span><span style=\"font-weight: 400;\"><br><\/span><span style=\"font-weight: 400;\">Mantienes conversaciones con directivos, responsables de marketing y equipos de comercio electr\u00f3nico sobre el dominio de la IA, las estrategias AEO\/GEO y el crecimiento sostenible.<\/span><\/li><li style=\"font-weight: 400;\" aria-level=\"1\"><span style=\"font-weight: 400;\">Vendes soluciones como AI Readiness Scans, GEO-Audits, sesiones de estrategia de IA y formaciones en IA.<\/span><\/li><li style=\"font-weight: 400;\" aria-level=\"1\"><span style=\"font-weight: 400;\">Construyes un embudo comercial que sea inteligente, escalable y eficaz.<\/span><\/li><li style=\"font-weight: 400;\" aria-level=\"1\"><span style=\"font-weight: 400;\">Pruebas nuevos discursos, marcos y modelos de propuesta: eres co-arquitecto de nuestro crecimiento.<\/span><\/li><\/ul><p> <\/p><p><span style=\"font-weight: 400;\">En resumen: ayudas a las empresas a ser <\/span><b>visibles y preparadas para el futuro<\/b><span style=\"font-weight: 400;\">, antes de que lo haga su competencia.<\/span><\/p>\t\t\t\t\t\t\t\t<\/div>\n\t\t\t\t<\/div>\n\t\t\t\t<\/div>\n\t\t<div class=\"elementor-element elementor-element-ad14061 e-con-full e-flex elementor-invisible e-con e-child\" data-id=\"ad14061\" data-element_type=\"container\" data-settings=\"{&quot;animation&quot;:&quot;fadeInRight&quot;}\">\n\t\t\t\t<div class=\"elementor-element elementor-element-05a9ba8 elementor-widget elementor-widget-heading\" data-id=\"05a9ba8\" data-element_type=\"widget\" data-widget_type=\"heading.default\">\n\t\t\t\t<div class=\"elementor-widget-container\">\n\t\t\t\t\t<h2 class=\"elementor-heading-title elementor-size-default\">Lo que aportas:<\/h2>\t\t\t\t<\/div>\n\t\t\t\t<\/div>\n\t\t\t\t<div class=\"elementor-element elementor-element-d03660b elementor-widget elementor-widget-text-editor\" data-id=\"d03660b\" data-element_type=\"widget\" data-widget_type=\"text-editor.default\">\n\t\t\t\t<div class=\"elementor-widget-container\">\n\t\t\t\t\t\t\t\t\t<ul><li style=\"font-weight: 400;\" aria-level=\"1\"><span style=\"font-weight: 400;\">Tienes experiencia comercial (B2B\/agencia\/tecnolog\u00eda = gran ventaja).<\/span><\/li><li style=\"font-weight: 400;\" aria-level=\"1\"><span style=\"font-weight: 400;\">Te entusiasman t\u00e9rminos como <\/span><i><span style=\"font-weight: 400;\">visibilidad en la IA, b\u00fasqueda conversacional, GEO, construcci\u00f3n de entidades, citas, cl\u00fasteres tem\u00e1ticos<\/span><\/i><span style=\"font-weight: 400;\"> y <\/span><i><span style=\"font-weight: 400;\">AEO<\/span><\/i><span style=\"font-weight: 400;\">. Si a\u00fan no lo sabes todo, te aseguras de saberlo r\u00e1pidamente.<\/span><\/li><li style=\"font-weight: 400;\" aria-level=\"1\"><span style=\"font-weight: 400;\">Cambias f\u00e1cilmente entre contenido, relaci\u00f3n y cierre de acuerdos.<\/span><\/li><li style=\"font-weight: 400;\" aria-level=\"1\"><span style=\"font-weight: 400;\">Eres creativo en tu enfoque comercial; te gusta probar nuevas ideas.<\/span><\/li><li style=\"font-weight: 400;\" aria-level=\"1\"><span style=\"font-weight: 400;\">Tienes energ\u00eda, iniciativa y poder de convicci\u00f3n.<\/span><\/li><li style=\"font-weight: 400;\" aria-level=\"1\"><span style=\"font-weight: 400;\">Te gusta trabajar en una etiqueta tipo startup dentro de una agencia consolidada (Zeo).<\/span><\/li><\/ul>\t\t\t\t\t\t\t\t<\/div>\n\t\t\t\t<\/div>\n\t\t\t\t<div class=\"elementor-element elementor-element-331f7a9 elementor-widget elementor-widget-heading\" data-id=\"331f7a9\" data-element_type=\"widget\" data-widget_type=\"heading.default\">\n\t\t\t\t<div class=\"elementor-widget-container\">\n\t\t\t\t\t<h2 class=\"elementor-heading-title elementor-size-default\">Lo que obtienes:<\/h2>\t\t\t\t<\/div>\n\t\t\t\t<\/div>\n\t\t\t\t<div class=\"elementor-element elementor-element-20a9c38 elementor-widget elementor-widget-text-editor\" data-id=\"20a9c38\" data-element_type=\"widget\" data-widget_type=\"text-editor.default\">\n\t\t\t\t<div class=\"elementor-widget-container\">\n\t\t\t\t\t\t\t\t\t<p><span style=\"font-weight: 400;\">Trabajas en PionAIers, pero desde la moderna oficina de Zeo en Utrecht. As\u00ed que obtienes: <\/span><\/p><p><b>Buenas condiciones:<\/b><\/p><ul><li style=\"font-weight: 400;\" aria-level=\"1\"><span style=\"font-weight: 400;\">Salario basado en la experiencia, entre <\/span>2.600 \u20ac y 4.000 \u20ac.<\/li><li style=\"font-weight: 400;\" aria-level=\"1\"><span style=\"font-weight: 400;\">Plan de pensiones.<\/span><\/li><li style=\"font-weight: 400;\" aria-level=\"1\"><span style=\"font-weight: 400;\">D\u00edas de vacaciones ilimitados.<\/span><\/li><li style=\"font-weight: 400;\" aria-level=\"1\"><span style=\"font-weight: 400;\">Compensaci\u00f3n de gastos de viaje.<\/span><\/li><li style=\"font-weight: 400;\" aria-level=\"1\"><span style=\"font-weight: 400;\">Presupuesto de formaci\u00f3n para seguir desarroll\u00e1ndote.<\/span><\/li><li style=\"font-weight: 400;\" aria-level=\"1\"><span style=\"font-weight: 400;\">Trabajo h\u00edbrido si lo deseas.<\/span><\/li><li style=\"font-weight: 400;\" aria-level=\"1\"><span style=\"font-weight: 400;\">Una oficina llena de compa\u00f1eros fant\u00e1sticos, aperitivos los viernes por la tarde y una cultura donde el placer y el rendimiento van de la mano.<\/span> <\/li><\/ul><p> <\/p><p><b>Extras de PionAIers:<\/b><\/p><ul><li style=\"font-weight: 400;\" aria-level=\"1\"><span style=\"font-weight: 400;\">Trabajar en uno de los primeros equipos especializados en GEO de los Pa\u00edses Bajos.<\/span><\/li><li style=\"font-weight: 400;\" aria-level=\"1\"><span style=\"font-weight: 400;\">Contribuir directamente a una propuesta que se est\u00e1 inventando a s\u00ed misma: tus ideas cuentan de verdad.<\/span><\/li><li style=\"font-weight: 400;\" aria-level=\"1\"><span style=\"font-weight: 400;\">Participas en la creaci\u00f3n del est\u00e1ndar para la visibilidad de la IA en los Pa\u00edses Bajos.<\/span><\/li><\/ul><p> <\/p><p><span style=\"font-weight: 400;\">Trabajas en un equipo peque\u00f1o y <\/span><span style=\"font-weight: 400;\">r\u00e1pido que hace cosas en lugar de hablar de ellas.<\/span><span style=\"font-weight: 400;\"><br><\/span><\/p>\t\t\t\t\t\t\t\t<\/div>\n\t\t\t\t<\/div>\n\t\t\t\t<\/div>\n\t\t<div class=\"elementor-element elementor-element-bbd34f0 e-con-full e-flex elementor-invisible e-con e-child\" data-id=\"bbd34f0\" data-element_type=\"container\" data-settings=\"{&quot;animation&quot;:&quot;fadeInRight&quot;}\">\n\t\t\t\t<div class=\"elementor-element elementor-element-8612f44 elementor-widget elementor-widget-image\" data-id=\"8612f44\" data-element_type=\"widget\" data-settings=\"{&quot;_animation&quot;:&quot;none&quot;}\" data-widget_type=\"image.default\">\n\t\t\t\t<div class=\"elementor-widget-container\">\n\t\t\t\t\t\t\t\t\t\t\t\t\t\t\t<img decoding=\"async\" width=\"768\" height=\"1024\" src=\"https:\/\/pionaiers.nl\/wp-content\/uploads\/2025\/11\/lisa-annika-dylan-maris-2-768x1024.jpg\" class=\"attachment-large size-large wp-image-1386\" alt=\"\" srcset=\"https:\/\/pionaiers.nl\/wp-content\/uploads\/2025\/11\/lisa-annika-dylan-maris-2-768x1024.jpg 768w, https:\/\/pionaiers.nl\/wp-content\/uploads\/2025\/11\/lisa-annika-dylan-maris-2-225x300.jpg 225w, https:\/\/pionaiers.nl\/wp-content\/uploads\/2025\/11\/lisa-annika-dylan-maris-2-1152x1536.jpg 1152w, https:\/\/pionaiers.nl\/wp-content\/uploads\/2025\/11\/lisa-annika-dylan-maris-2-1536x2048.jpg 1536w, https:\/\/pionaiers.nl\/wp-content\/uploads\/2025\/11\/lisa-annika-dylan-maris-2-scaled.jpg 1920w\" sizes=\"(max-width: 768px) 100vw, 768px\" \/>\t\t\t\t\t\t\t\t\t\t\t\t\t\t\t<\/div>\n\t\t\t\t<\/div>\n\t\t\t\t<\/div>\n\t\t\t\t\t<\/div>\n\t\t\t\t<\/div>\n\t\t<div class=\"elementor-element elementor-element-4b62bf9 e-flex e-con-boxed e-con e-parent\" data-id=\"4b62bf9\" data-element_type=\"container\">\n\t\t\t\t\t<div class=\"e-con-inner\">\n\t\t\t\t<div class=\"elementor-element elementor-element-70fea19 elementor-widget elementor-widget-text-editor\" data-id=\"70fea19\" data-element_type=\"widget\" data-widget_type=\"text-editor.default\">\n\t\t\t\t<div class=\"elementor-widget-container\">\n\t\t\t\t\t\t\t\t\t<p><span style=\"color: #000000;\"><strong>Este trabajo es todo menos una funci\u00f3n de ventas est\u00e1ndar.<\/strong><\/span><br data-start=\"53\" data-end=\"56\"><span style=\"color: #000000;\">Ayudas a las empresas a crecer en un mercado que cambia a gran velocidad. <\/span><span style=\"color: #000000;\">No vendiendo marketing est\u00e1ndar, sino mostrando la nueva realidad.<\/span><br data-start=\"211\" data-end=\"214\"><span style=\"color: #000000;\">Hablas con los clientes sobre su futuro y participas en la construcci\u00f3n de algo que va m\u00e1s all\u00e1 de \u00abotro servicio de agencia\u00bb.<\/span><\/p><p><span style=\"color: #000000;\"><span style=\"font-weight: 400;\">Est\u00e1s literalmente <\/span>a la vanguardia de una revoluci\u00f3n de la IA. <\/span><span style=\"color: #000000;\"><b>\u00bfTe suena esto a tu nueva aventura?<\/b><\/span><\/p><p><span style=\"font-weight: 400; color: #000000;\">Env\u00eda tu CV y una breve motivaci\u00f3n a mariska@pionaiers.nl. <\/span><\/p>\t\t\t\t\t\t\t\t<\/div>\n\t\t\t\t<\/div>\n\t\t\t\t\t<\/div>\n\t\t\t\t<\/div>\n\t\t\t\t<\/div>\n\t\t","protected":false},"excerpt":{"rendered":"<p>Vacante: Business Development \/ Ventas (AI &amp; GEO) PionAIers \u00bfConstruyes con nosotros el nuevo est\u00e1ndar en visibilidad online? La IA lo est\u00e1 cambiando todo. La forma en que la gente busca, la forma en que se encuentran las marcas y la forma en que crecen las empresas. En PionAIers ayudamos a las organizaciones no solo [&hellip;]<\/p>\n","protected":false},"author":1,"featured_media":0,"parent":0,"menu_order":0,"comment_status":"closed","ping_status":"closed","template":"elementor_header_footer","meta":{"footnotes":""},"class_list":["post-1384","page","type-page","status-publish","hentry"],"yoast_head":"<!-- This site is optimized with the Yoast SEO plugin v27.5 - https:\/\/yoast.com\/product\/yoast-seo-wordpress\/ -->\n<title>Trabajar en - PionAIers<\/title>\n<meta name=\"robots\" content=\"index, follow, max-snippet:-1, max-image-preview:large, max-video-preview:-1\" \/>\n<link rel=\"canonical\" href=\"https:\/\/pionaiers.nl\/es\/trabajar-en\/\" \/>\n<meta property=\"og:locale\" content=\"es_ES\" \/>\n<meta property=\"og:type\" content=\"article\" \/>\n<meta property=\"og:title\" content=\"Trabajar en - PionAIers\" \/>\n<meta property=\"og:description\" content=\"Vacante: Business Development \/ Ventas (AI &amp; GEO) PionAIers \u00bfConstruyes con nosotros el nuevo est\u00e1ndar en visibilidad online? La IA lo est\u00e1 cambiando todo. La forma en que la gente busca, la forma en que se encuentran las marcas y la forma en que crecen las empresas. En PionAIers ayudamos a las organizaciones no solo [&hellip;]\" \/>\n<meta property=\"og:url\" content=\"https:\/\/pionaiers.nl\/es\/trabajar-en\/\" \/>\n<meta property=\"og:site_name\" content=\"PionAIers\" \/>\n<meta property=\"article:modified_time\" content=\"2025-11-20T09:40:07+00:00\" \/>\n<meta property=\"og:image\" content=\"https:\/\/pionaiers.nl\/wp-content\/uploads\/2025\/11\/ZeoKantoor03-1024x683.jpg\" \/>\n\t<meta property=\"og:image:width\" content=\"1024\" \/>\n\t<meta property=\"og:image:height\" content=\"683\" \/>\n\t<meta property=\"og:image:type\" content=\"image\/jpeg\" \/>\n<meta name=\"twitter:card\" content=\"summary_large_image\" \/>\n<meta name=\"twitter:label1\" content=\"Tiempo de lectura\" \/>\n\t<meta name=\"twitter:data1\" content=\"3 minutos\" \/>\n<script type=\"application\/ld+json\" class=\"yoast-schema-graph\">{\"@context\":\"https:\\\/\\\/schema.org\",\"@graph\":[{\"@type\":\"WebPage\",\"@id\":\"https:\\\/\\\/pionaiers.nl\\\/es\\\/trabajar-en\\\/\",\"url\":\"https:\\\/\\\/pionaiers.nl\\\/es\\\/trabajar-en\\\/\",\"name\":\"Trabajar en - PionAIers\",\"isPartOf\":{\"@id\":\"https:\\\/\\\/pionaiers.nl\\\/es\\\/#website\"},\"primaryImageOfPage\":{\"@id\":\"https:\\\/\\\/pionaiers.nl\\\/es\\\/trabajar-en\\\/#primaryimage\"},\"image\":{\"@id\":\"https:\\\/\\\/pionaiers.nl\\\/es\\\/trabajar-en\\\/#primaryimage\"},\"thumbnailUrl\":\"https:\\\/\\\/pionaiers.nl\\\/wp-content\\\/uploads\\\/2025\\\/11\\\/ZeoKantoor03-1024x683.jpg\",\"datePublished\":\"2025-05-22T04:08:55+00:00\",\"dateModified\":\"2025-11-20T09:40:07+00:00\",\"breadcrumb\":{\"@id\":\"https:\\\/\\\/pionaiers.nl\\\/es\\\/trabajar-en\\\/#breadcrumb\"},\"inLanguage\":\"es\",\"potentialAction\":[{\"@type\":\"ReadAction\",\"target\":[\"https:\\\/\\\/pionaiers.nl\\\/es\\\/trabajar-en\\\/\"]}]},{\"@type\":\"ImageObject\",\"inLanguage\":\"es\",\"@id\":\"https:\\\/\\\/pionaiers.nl\\\/es\\\/trabajar-en\\\/#primaryimage\",\"url\":\"https:\\\/\\\/pionaiers.nl\\\/wp-content\\\/uploads\\\/2025\\\/11\\\/ZeoKantoor03-1024x683.jpg\",\"contentUrl\":\"https:\\\/\\\/pionaiers.nl\\\/wp-content\\\/uploads\\\/2025\\\/11\\\/ZeoKantoor03-1024x683.jpg\"},{\"@type\":\"BreadcrumbList\",\"@id\":\"https:\\\/\\\/pionaiers.nl\\\/es\\\/trabajar-en\\\/#breadcrumb\",\"itemListElement\":[{\"@type\":\"ListItem\",\"position\":1,\"name\":\"Inicio\",\"item\":\"https:\\\/\\\/pionaiers.nl\\\/es\\\/\"},{\"@type\":\"ListItem\",\"position\":2,\"name\":\"Trabajar en\"}]},{\"@type\":\"WebSite\",\"@id\":\"https:\\\/\\\/pionaiers.nl\\\/es\\\/#website\",\"url\":\"https:\\\/\\\/pionaiers.nl\\\/es\\\/\",\"name\":\"PionAIers\",\"description\":\"\",\"potentialAction\":[{\"@type\":\"SearchAction\",\"target\":{\"@type\":\"EntryPoint\",\"urlTemplate\":\"https:\\\/\\\/pionaiers.nl\\\/es\\\/?s={search_term_string}\"},\"query-input\":{\"@type\":\"PropertyValueSpecification\",\"valueRequired\":true,\"valueName\":\"search_term_string\"}}],\"inLanguage\":\"es\"}]}<\/script>\n<!-- \/ Yoast SEO plugin. -->","yoast_head_json":{"title":"Trabajar en - PionAIers","robots":{"index":"index","follow":"follow","max-snippet":"max-snippet:-1","max-image-preview":"max-image-preview:large","max-video-preview":"max-video-preview:-1"},"canonical":"https:\/\/pionaiers.nl\/es\/trabajar-en\/","og_locale":"es_ES","og_type":"article","og_title":"Trabajar en - PionAIers","og_description":"Vacante: Business Development \/ Ventas (AI &amp; GEO) PionAIers \u00bfConstruyes con nosotros el nuevo est\u00e1ndar en visibilidad online? La IA lo est\u00e1 cambiando todo. La forma en que la gente busca, la forma en que se encuentran las marcas y la forma en que crecen las empresas. En PionAIers ayudamos a las organizaciones no solo [&hellip;]","og_url":"https:\/\/pionaiers.nl\/es\/trabajar-en\/","og_site_name":"PionAIers","article_modified_time":"2025-11-20T09:40:07+00:00","og_image":[{"width":1024,"height":683,"url":"https:\/\/pionaiers.nl\/wp-content\/uploads\/2025\/11\/ZeoKantoor03-1024x683.jpg","type":"image\/jpeg"}],"twitter_card":"summary_large_image","twitter_misc":{"Tiempo de lectura":"3 minutos"},"schema":{"@context":"https:\/\/schema.org","@graph":[{"@type":"WebPage","@id":"https:\/\/pionaiers.nl\/es\/trabajar-en\/","url":"https:\/\/pionaiers.nl\/es\/trabajar-en\/","name":"Trabajar en - PionAIers","isPartOf":{"@id":"https:\/\/pionaiers.nl\/es\/#website"},"primaryImageOfPage":{"@id":"https:\/\/pionaiers.nl\/es\/trabajar-en\/#primaryimage"},"image":{"@id":"https:\/\/pionaiers.nl\/es\/trabajar-en\/#primaryimage"},"thumbnailUrl":"https:\/\/pionaiers.nl\/wp-content\/uploads\/2025\/11\/ZeoKantoor03-1024x683.jpg","datePublished":"2025-05-22T04:08:55+00:00","dateModified":"2025-11-20T09:40:07+00:00","breadcrumb":{"@id":"https:\/\/pionaiers.nl\/es\/trabajar-en\/#breadcrumb"},"inLanguage":"es","potentialAction":[{"@type":"ReadAction","target":["https:\/\/pionaiers.nl\/es\/trabajar-en\/"]}]},{"@type":"ImageObject","inLanguage":"es","@id":"https:\/\/pionaiers.nl\/es\/trabajar-en\/#primaryimage","url":"https:\/\/pionaiers.nl\/wp-content\/uploads\/2025\/11\/ZeoKantoor03-1024x683.jpg","contentUrl":"https:\/\/pionaiers.nl\/wp-content\/uploads\/2025\/11\/ZeoKantoor03-1024x683.jpg"},{"@type":"BreadcrumbList","@id":"https:\/\/pionaiers.nl\/es\/trabajar-en\/#breadcrumb","itemListElement":[{"@type":"ListItem","position":1,"name":"Inicio","item":"https:\/\/pionaiers.nl\/es\/"},{"@type":"ListItem","position":2,"name":"Trabajar en"}]},{"@type":"WebSite","@id":"https:\/\/pionaiers.nl\/es\/#website","url":"https:\/\/pionaiers.nl\/es\/","name":"PionAIers","description":"","potentialAction":[{"@type":"SearchAction","target":{"@type":"EntryPoint","urlTemplate":"https:\/\/pionaiers.nl\/es\/?s={search_term_string}"},"query-input":{"@type":"PropertyValueSpecification","valueRequired":true,"valueName":"search_term_string"}}],"inLanguage":"es"}]}},"_links":{"self":[{"href":"https:\/\/pionaiers.nl\/es\/wp-json\/wp\/v2\/pages\/1384","targetHints":{"allow":["GET"]}}],"collection":[{"href":"https:\/\/pionaiers.nl\/es\/wp-json\/wp\/v2\/pages"}],"about":[{"href":"https:\/\/pionaiers.nl\/es\/wp-json\/wp\/v2\/types\/page"}],"author":[{"embeddable":true,"href":"https:\/\/pionaiers.nl\/es\/wp-json\/wp\/v2\/users\/1"}],"replies":[{"embeddable":true,"href":"https:\/\/pionaiers.nl\/es\/wp-json\/wp\/v2\/comments?post=1384"}],"version-history":[{"count":5,"href":"https:\/\/pionaiers.nl\/es\/wp-json\/wp\/v2\/pages\/1384\/revisions"}],"predecessor-version":[{"id":1421,"href":"https:\/\/pionaiers.nl\/es\/wp-json\/wp\/v2\/pages\/1384\/revisions\/1421"}],"wp:attachment":[{"href":"https:\/\/pionaiers.nl\/es\/wp-json\/wp\/v2\/media?parent=1384"}],"curies":[{"name":"wp","href":"https:\/\/api.w.org\/{rel}","templated":true}]}}