{"id":1209,"date":"2025-05-22T04:08:55","date_gmt":"2025-05-22T04:08:55","guid":{"rendered":"https:\/\/pionaiers.nl\/10-preguntas-mas-frecuentes\/"},"modified":"2025-11-10T18:55:18","modified_gmt":"2025-11-10T18:55:18","slug":"10-preguntas-mas-frecuentes","status":"publish","type":"page","link":"https:\/\/pionaiers.nl\/es\/10-preguntas-mas-frecuentes\/","title":{"rendered":"10 preguntas m\u00e1s frecuentes"},"content":{"rendered":"\t\t<div data-elementor-type=\"wp-page\" data-elementor-id=\"1209\" class=\"elementor elementor-1209 elementor-715\" data-elementor-post-type=\"page\">\n\t\t\t\t<div class=\"elementor-element elementor-element-674eaa67 e-flex e-con-boxed e-con e-parent\" data-id=\"674eaa67\" data-element_type=\"container\" data-settings=\"{&quot;background_background&quot;:&quot;classic&quot;}\">\n\t\t\t\t\t<div class=\"e-con-inner\">\n\t\t<div class=\"elementor-element elementor-element-55d85a92 e-flex e-con-boxed e-con e-child\" data-id=\"55d85a92\" data-element_type=\"container\">\n\t\t\t\t\t<div class=\"e-con-inner\">\n\t\t\t\t<div class=\"elementor-element elementor-element-12cc7923 elementor-invisible elementor-widget elementor-widget-heading\" data-id=\"12cc7923\" data-element_type=\"widget\" data-settings=\"{&quot;_animation&quot;:&quot;fadeInDown&quot;,&quot;_animation_delay&quot;:200}\" data-widget_type=\"heading.default\">\n\t\t\t\t<div class=\"elementor-widget-container\">\n\t\t\t\t\t<h1 class=\"elementor-heading-title elementor-size-default\">10 preguntas m\u00e1s frecuentes<\/h1>\t\t\t\t<\/div>\n\t\t\t\t<\/div>\n\t\t\t\t\t<\/div>\n\t\t\t\t<\/div>\n\t\t\t\t\t<\/div>\n\t\t\t\t<\/div>\n\t\t<div class=\"elementor-element elementor-element-624fc148 e-flex e-con-boxed e-con e-parent\" data-id=\"624fc148\" data-element_type=\"container\">\n\t\t\t\t\t<div class=\"e-con-inner\">\n\t\t<div class=\"elementor-element elementor-element-2ad01542 e-con-full e-flex elementor-invisible e-con e-child\" data-id=\"2ad01542\" data-element_type=\"container\" data-settings=\"{&quot;animation&quot;:&quot;fadeInRight&quot;}\">\n\t\t\t\t<div class=\"elementor-element elementor-element-53f3512 elementor-align-center elementor-widget elementor-widget-lottie\" data-id=\"53f3512\" data-element_type=\"widget\" data-settings=\"{&quot;source_json&quot;:{&quot;url&quot;:&quot;https:\\\/\\\/pionaiers.nl\\\/wp-content\\\/uploads\\\/2025\\\/05\\\/hKrW6azbsE.json&quot;,&quot;id&quot;:237,&quot;size&quot;:&quot;&quot;,&quot;alt&quot;:&quot;&quot;,&quot;source&quot;:&quot;library&quot;},&quot;loop&quot;:&quot;yes&quot;,&quot;reverse_animation&quot;:&quot;yes&quot;,&quot;lazyload&quot;:&quot;yes&quot;,&quot;sticky&quot;:&quot;top&quot;,&quot;sticky_on&quot;:[&quot;desktop&quot;,&quot;tablet&quot;],&quot;sticky_parent&quot;:&quot;yes&quot;,&quot;sticky_offset&quot;:100,&quot;sticky_effects_offset&quot;:100,&quot;sticky_anchor_link_offset&quot;:10,&quot;source&quot;:&quot;media_file&quot;,&quot;caption_source&quot;:&quot;none&quot;,&quot;link_to&quot;:&quot;none&quot;,&quot;trigger&quot;:&quot;arriving_to_viewport&quot;,&quot;viewport&quot;:{&quot;unit&quot;:&quot;%&quot;,&quot;size&quot;:&quot;&quot;,&quot;sizes&quot;:{&quot;start&quot;:0,&quot;end&quot;:100}},&quot;play_speed&quot;:{&quot;unit&quot;:&quot;px&quot;,&quot;size&quot;:1,&quot;sizes&quot;:[]},&quot;start_point&quot;:{&quot;unit&quot;:&quot;%&quot;,&quot;size&quot;:0,&quot;sizes&quot;:[]},&quot;end_point&quot;:{&quot;unit&quot;:&quot;%&quot;,&quot;size&quot;:100,&quot;sizes&quot;:[]},&quot;renderer&quot;:&quot;svg&quot;}\" data-widget_type=\"lottie.default\">\n\t\t\t\t<div class=\"elementor-widget-container\">\n\t\t\t\t\t<div class=\"e-lottie__container\"><div class=\"e-lottie__animation\"><\/div><\/div>\t\t\t\t<\/div>\n\t\t\t\t<\/div>\n\t\t\t\t<\/div>\n\t\t<div class=\"elementor-element elementor-element-56bba4d2 e-con-full e-flex elementor-invisible e-con e-child\" data-id=\"56bba4d2\" data-element_type=\"container\" data-settings=\"{&quot;animation&quot;:&quot;fadeInRight&quot;}\">\n\t\t\t\t<div class=\"elementor-element elementor-element-141af491 elementor-widget elementor-widget-heading\" data-id=\"141af491\" data-element_type=\"widget\" data-widget_type=\"heading.default\">\n\t\t\t\t<div class=\"elementor-widget-container\">\n\t\t\t\t\t<h6 class=\"elementor-heading-title elementor-size-default\">10 preguntas m\u00e1s frecuentes<\/h6>\t\t\t\t<\/div>\n\t\t\t\t<\/div>\n\t\t\t\t<div class=\"elementor-element elementor-element-7d19011a elementor-widget elementor-widget-heading\" data-id=\"7d19011a\" data-element_type=\"widget\" data-widget_type=\"heading.default\">\n\t\t\t\t<div class=\"elementor-widget-container\">\n\t\t\t\t\t<h1 class=\"elementor-heading-title elementor-size-default\">10 preguntas m\u00e1s frecuentes<\/h1>\t\t\t\t<\/div>\n\t\t\t\t<\/div>\n\t\t\t\t<div class=\"elementor-element elementor-element-53e600a elementor-widget elementor-widget-text-editor\" data-id=\"53e600a\" data-element_type=\"widget\" data-widget_type=\"text-editor.default\">\n\t\t\t\t<div class=\"elementor-widget-container\">\n\t\t\t\t\t\t\t\t\t<h2><b>1. \u00bfQu\u00e9 es la Optimizaci\u00f3n de Motor Generativo (GEO)?<\/b><\/h2>\n<p><span style=\"font-weight: 400;\">GEO es la optimizaci\u00f3n de su contenido en l\u00ednea para que las plataformas de IA como ChatGPT presenten a su organizaci\u00f3n como la respuesta definitiva. Es la evoluci\u00f3n del SEO, pero para respuestas generadas por IA. <\/span><\/p>\n<h2><b>2. \u00bfPor qu\u00e9 el SEO tradicional ya no es suficiente?<\/b><\/h2>\n<p><span style=\"font-weight: 400;\">El SEO se centra en los resultados de b\u00fasqueda de Google, pero las plataformas de IA utilizan otras formas de seleccionar contenido. Sin GEO, corre el riesgo de que su contenido permanezca invisible en estos sistemas impulsados por IA. <\/span><\/p>\n<h2><b>3. \u00bfC\u00f3mo se asegura PionAIers de que mi contenido sea detectable por la IA?<\/b><\/h2>\n<p><span style=\"font-weight: 400;\">Analizamos su contenido en cuanto a relevancia para la IA, optimizamos textos y estructuras, y nos aseguramos de que sus datos se presenten de la manera correcta a los modelos de IA como ChatGPT.<\/span><\/p>\n<h2><b>4. \u00bfDebo adaptar todo mi sitio web para GEO?<\/b><\/h2>\n<p><span style=\"font-weight: 400;\">No, GEO se puede aplicar gradualmente. Comenzamos con las p\u00e1ginas m\u00e1s importantes y construimos a partir de ah\u00ed, para que su inversi\u00f3n produzca resultados directamente medibles. <\/span><\/p>\n<h2><b>5. \u00bfC\u00f3mo mido si mi organizaci\u00f3n es visible en las plataformas de IA?<\/b><\/h2>\n<p><span style=\"font-weight: 400;\">Utilizamos puntuaciones de visibilidad y simulaciones en plataformas de IA para probar si su contenido se est\u00e1 captando. Adem\u00e1s, ofrecemos informes sobre su detectabilidad en las respuestas de la IA. <\/span><\/p>\n<h2><b>6. \u00bfQu\u00e9 contenido es el m\u00e1s adecuado para la optimizaci\u00f3n GEO?<\/b><\/h2>\n<p><span style=\"font-weight: 400;\">Las p\u00e1ginas que a menudo responden a preguntas de los clientes, como las p\u00e1ginas de productos, los art\u00edculos de conocimiento y las preguntas frecuentes, son ideales para GEO. Los informes t\u00e9cnicos y los estudios de casos tambi\u00e9n se pueden utilizar de forma eficaz. <\/span><\/p>\n<h2><b>7. \u00bfEs GEO solo importante para las empresas B2B?<\/b><\/h2>\n<p><span style=\"font-weight: 400;\">No, las organizaciones B2C tambi\u00e9n se benefician de GEO. Las plataformas de IA influyen en el proceso de compra de los consumidores, lo que hace que la detectabilidad por la IA sea cada vez m\u00e1s crucial para TODOS los sectores. <\/span><\/p>\n<h2><b>8. \u00bfQu\u00e9 tan r\u00e1pido veo los resultados de la optimizaci\u00f3n GEO?<\/b><\/h2>\n<p><span style=\"font-weight: 400;\">Dependiendo de la complejidad y el volumen del contenido, a menudo ver\u00e1 los primeros resultados en las plataformas de IA en un plazo de 4 a 8 semanas. GEO es un proceso estrat\u00e9gico, pero con victorias r\u00e1pidas en la primera fase. <\/span><\/p>\n<h2><b>9. \u00bfC\u00f3mo funciona realmente la IA como motor de b\u00fasqueda?<\/b><\/h2>\n<p><span style=\"font-weight: 400;\">Las plataformas de IA no utilizan listas de resultados de b\u00fasqueda como Google. Generan respuestas directamente a partir de cantidades gigantescas de datos. Por lo tanto, es crucial que su contenido sea compatible con la IA y pueda servir como fuente.  <\/span><\/p>\n<h2><b>10. \u00bfCu\u00e1l es la diferencia entre GEO y SEO?<\/b><\/h2>\n<p><span style=\"font-weight: 400;\">El SEO optimiza su sitio web para motores de b\u00fasqueda como Google. GEO va un paso m\u00e1s all\u00e1 y garantiza que su contenido se utilice directamente en las respuestas de la IA. Se trata de estructura, contexto y accesibilidad para los modelos de IA.  <\/span><\/p>\t\t\t\t\t\t\t\t<\/div>\n\t\t\t\t<\/div>\n\t\t\t\t<div class=\"elementor-element elementor-element-2f6aefb elementor-button-info elementor-align-center elementor-widget elementor-widget-button\" data-id=\"2f6aefb\" data-element_type=\"widget\" data-widget_type=\"button.default\">\n\t\t\t\t<div class=\"elementor-widget-container\">\n\t\t\t\t\t\t\t\t\t<div class=\"elementor-button-wrapper\">\n\t\t\t\t\t<a class=\"elementor-button elementor-button-link elementor-size-sm\" href=\"https:\/\/pionaiers.nl\/wp-content\/uploads\/2025\/08\/Propositiepaper-PionAIers.pdf\" target=\"_blank\">\n\t\t\t\t\t\t<span class=\"elementor-button-content-wrapper\">\n\t\t\t\t\t\t\t\t\t<span class=\"elementor-button-text\">Descargue el documento de propuesta<\/span>\n\t\t\t\t\t<\/span>\n\t\t\t\t\t<\/a>\n\t\t\t\t<\/div>\n\t\t\t\t\t\t\t\t<\/div>\n\t\t\t\t<\/div>\n\t\t\t\t<div class=\"elementor-element elementor-element-de97868 elementor-widget elementor-widget-text-editor\" data-id=\"de97868\" data-element_type=\"widget\" data-widget_type=\"text-editor.default\">\n\t\t\t\t<div class=\"elementor-widget-container\">\n\t\t\t\t\t\t\t\t\t<p> <\/p><p> <\/p>\t\t\t\t\t\t\t\t<\/div>\n\t\t\t\t<\/div>\n\t\t\t\t<\/div>\n\t\t\t\t\t<\/div>\n\t\t\t\t<\/div>\n\t\t\t\t<\/div>\n\t\t","protected":false},"excerpt":{"rendered":"<p>10 preguntas m\u00e1s frecuentes 1. \u00bfQu\u00e9 es la Optimizaci\u00f3n de Motor Generativo (GEO)? GEO es la optimizaci\u00f3n de su contenido en l\u00ednea para que las plataformas de IA como ChatGPT presenten a su organizaci\u00f3n como la respuesta definitiva. Es la evoluci\u00f3n del SEO, pero para respuestas generadas por IA. 2. \u00bfPor qu\u00e9 el SEO tradicional [&hellip;]<\/p>\n","protected":false},"author":1,"featured_media":0,"parent":0,"menu_order":0,"comment_status":"closed","ping_status":"closed","template":"elementor_header_footer","meta":{"footnotes":""},"class_list":["post-1209","page","type-page","status-publish","hentry"],"yoast_head":"<!-- This site is optimized with the Yoast SEO plugin v27.5 - https:\/\/yoast.com\/product\/yoast-seo-wordpress\/ -->\n<title>10 preguntas m\u00e1s frecuentes - PionAIers<\/title>\n<meta name=\"robots\" content=\"index, follow, max-snippet:-1, max-image-preview:large, max-video-preview:-1\" \/>\n<link rel=\"canonical\" href=\"https:\/\/pionaiers.nl\/es\/10-preguntas-mas-frecuentes\/\" \/>\n<meta property=\"og:locale\" content=\"es_ES\" \/>\n<meta property=\"og:type\" content=\"article\" \/>\n<meta property=\"og:title\" content=\"10 preguntas m\u00e1s frecuentes - PionAIers\" \/>\n<meta property=\"og:description\" content=\"10 preguntas m\u00e1s frecuentes 1. \u00bfQu\u00e9 es la Optimizaci\u00f3n de Motor Generativo (GEO)? GEO es la optimizaci\u00f3n de su contenido en l\u00ednea para que las plataformas de IA como ChatGPT presenten a su organizaci\u00f3n como la respuesta definitiva. Es la evoluci\u00f3n del SEO, pero para respuestas generadas por IA. 2. \u00bfPor qu\u00e9 el SEO tradicional [&hellip;]\" \/>\n<meta property=\"og:url\" content=\"https:\/\/pionaiers.nl\/es\/10-preguntas-mas-frecuentes\/\" \/>\n<meta property=\"og:site_name\" content=\"PionAIers\" \/>\n<meta property=\"article:modified_time\" content=\"2025-11-10T18:55:18+00:00\" \/>\n<meta name=\"twitter:card\" content=\"summary_large_image\" \/>\n<meta name=\"twitter:label1\" content=\"Tiempo de lectura\" \/>\n\t<meta name=\"twitter:data1\" content=\"3 minutos\" \/>\n<script type=\"application\/ld+json\" class=\"yoast-schema-graph\">{\"@context\":\"https:\\\/\\\/schema.org\",\"@graph\":[{\"@type\":\"WebPage\",\"@id\":\"https:\\\/\\\/pionaiers.nl\\\/es\\\/10-preguntas-mas-frecuentes\\\/\",\"url\":\"https:\\\/\\\/pionaiers.nl\\\/es\\\/10-preguntas-mas-frecuentes\\\/\",\"name\":\"10 preguntas m\u00e1s frecuentes - PionAIers\",\"isPartOf\":{\"@id\":\"https:\\\/\\\/pionaiers.nl\\\/es\\\/#website\"},\"datePublished\":\"2025-05-22T04:08:55+00:00\",\"dateModified\":\"2025-11-10T18:55:18+00:00\",\"breadcrumb\":{\"@id\":\"https:\\\/\\\/pionaiers.nl\\\/es\\\/10-preguntas-mas-frecuentes\\\/#breadcrumb\"},\"inLanguage\":\"es\",\"potentialAction\":[{\"@type\":\"ReadAction\",\"target\":[\"https:\\\/\\\/pionaiers.nl\\\/es\\\/10-preguntas-mas-frecuentes\\\/\"]}]},{\"@type\":\"BreadcrumbList\",\"@id\":\"https:\\\/\\\/pionaiers.nl\\\/es\\\/10-preguntas-mas-frecuentes\\\/#breadcrumb\",\"itemListElement\":[{\"@type\":\"ListItem\",\"position\":1,\"name\":\"Inicio\",\"item\":\"https:\\\/\\\/pionaiers.nl\\\/es\\\/\"},{\"@type\":\"ListItem\",\"position\":2,\"name\":\"10 preguntas m\u00e1s frecuentes\"}]},{\"@type\":\"WebSite\",\"@id\":\"https:\\\/\\\/pionaiers.nl\\\/es\\\/#website\",\"url\":\"https:\\\/\\\/pionaiers.nl\\\/es\\\/\",\"name\":\"PionAIers\",\"description\":\"\",\"potentialAction\":[{\"@type\":\"SearchAction\",\"target\":{\"@type\":\"EntryPoint\",\"urlTemplate\":\"https:\\\/\\\/pionaiers.nl\\\/es\\\/?s={search_term_string}\"},\"query-input\":{\"@type\":\"PropertyValueSpecification\",\"valueRequired\":true,\"valueName\":\"search_term_string\"}}],\"inLanguage\":\"es\"}]}<\/script>\n<!-- \/ Yoast SEO plugin. -->","yoast_head_json":{"title":"10 preguntas m\u00e1s frecuentes - PionAIers","robots":{"index":"index","follow":"follow","max-snippet":"max-snippet:-1","max-image-preview":"max-image-preview:large","max-video-preview":"max-video-preview:-1"},"canonical":"https:\/\/pionaiers.nl\/es\/10-preguntas-mas-frecuentes\/","og_locale":"es_ES","og_type":"article","og_title":"10 preguntas m\u00e1s frecuentes - PionAIers","og_description":"10 preguntas m\u00e1s frecuentes 1. \u00bfQu\u00e9 es la Optimizaci\u00f3n de Motor Generativo (GEO)? GEO es la optimizaci\u00f3n de su contenido en l\u00ednea para que las plataformas de IA como ChatGPT presenten a su organizaci\u00f3n como la respuesta definitiva. Es la evoluci\u00f3n del SEO, pero para respuestas generadas por IA. 2. \u00bfPor qu\u00e9 el SEO tradicional [&hellip;]","og_url":"https:\/\/pionaiers.nl\/es\/10-preguntas-mas-frecuentes\/","og_site_name":"PionAIers","article_modified_time":"2025-11-10T18:55:18+00:00","twitter_card":"summary_large_image","twitter_misc":{"Tiempo de lectura":"3 minutos"},"schema":{"@context":"https:\/\/schema.org","@graph":[{"@type":"WebPage","@id":"https:\/\/pionaiers.nl\/es\/10-preguntas-mas-frecuentes\/","url":"https:\/\/pionaiers.nl\/es\/10-preguntas-mas-frecuentes\/","name":"10 preguntas m\u00e1s frecuentes - PionAIers","isPartOf":{"@id":"https:\/\/pionaiers.nl\/es\/#website"},"datePublished":"2025-05-22T04:08:55+00:00","dateModified":"2025-11-10T18:55:18+00:00","breadcrumb":{"@id":"https:\/\/pionaiers.nl\/es\/10-preguntas-mas-frecuentes\/#breadcrumb"},"inLanguage":"es","potentialAction":[{"@type":"ReadAction","target":["https:\/\/pionaiers.nl\/es\/10-preguntas-mas-frecuentes\/"]}]},{"@type":"BreadcrumbList","@id":"https:\/\/pionaiers.nl\/es\/10-preguntas-mas-frecuentes\/#breadcrumb","itemListElement":[{"@type":"ListItem","position":1,"name":"Inicio","item":"https:\/\/pionaiers.nl\/es\/"},{"@type":"ListItem","position":2,"name":"10 preguntas m\u00e1s frecuentes"}]},{"@type":"WebSite","@id":"https:\/\/pionaiers.nl\/es\/#website","url":"https:\/\/pionaiers.nl\/es\/","name":"PionAIers","description":"","potentialAction":[{"@type":"SearchAction","target":{"@type":"EntryPoint","urlTemplate":"https:\/\/pionaiers.nl\/es\/?s={search_term_string}"},"query-input":{"@type":"PropertyValueSpecification","valueRequired":true,"valueName":"search_term_string"}}],"inLanguage":"es"}]}},"_links":{"self":[{"href":"https:\/\/pionaiers.nl\/es\/wp-json\/wp\/v2\/pages\/1209","targetHints":{"allow":["GET"]}}],"collection":[{"href":"https:\/\/pionaiers.nl\/es\/wp-json\/wp\/v2\/pages"}],"about":[{"href":"https:\/\/pionaiers.nl\/es\/wp-json\/wp\/v2\/types\/page"}],"author":[{"embeddable":true,"href":"https:\/\/pionaiers.nl\/es\/wp-json\/wp\/v2\/users\/1"}],"replies":[{"embeddable":true,"href":"https:\/\/pionaiers.nl\/es\/wp-json\/wp\/v2\/comments?post=1209"}],"version-history":[{"count":5,"href":"https:\/\/pionaiers.nl\/es\/wp-json\/wp\/v2\/pages\/1209\/revisions"}],"predecessor-version":[{"id":1216,"href":"https:\/\/pionaiers.nl\/es\/wp-json\/wp\/v2\/pages\/1209\/revisions\/1216"}],"wp:attachment":[{"href":"https:\/\/pionaiers.nl\/es\/wp-json\/wp\/v2\/media?parent=1209"}],"curies":[{"name":"wp","href":"https:\/\/api.w.org\/{rel}","templated":true}]}}