{"id":793,"date":"2025-05-22T04:08:55","date_gmt":"2025-05-22T04:08:55","guid":{"rendered":"https:\/\/pionaiers.nl\/kostenloses-whitepaper\/"},"modified":"2025-11-21T09:51:10","modified_gmt":"2025-11-21T09:51:10","slug":"kostenloses-whitepaper","status":"publish","type":"page","link":"https:\/\/pionaiers.nl\/de\/kostenloses-whitepaper\/","title":{"rendered":"Kostenloses Whitepaper"},"content":{"rendered":"\t\t<div data-elementor-type=\"wp-page\" data-elementor-id=\"793\" class=\"elementor elementor-793 elementor-687\" data-elementor-post-type=\"page\">\n\t\t\t\t<div class=\"elementor-element elementor-element-674eaa67 e-flex e-con-boxed e-con e-parent\" data-id=\"674eaa67\" data-element_type=\"container\" data-settings=\"{&quot;background_background&quot;:&quot;classic&quot;}\">\n\t\t\t\t\t<div class=\"e-con-inner\">\n\t\t<div class=\"elementor-element elementor-element-55d85a92 e-flex e-con-boxed e-con e-child\" data-id=\"55d85a92\" data-element_type=\"container\">\n\t\t\t\t\t<div class=\"e-con-inner\">\n\t\t\t\t<div class=\"elementor-element elementor-element-12cc7923 elementor-invisible elementor-widget elementor-widget-heading\" data-id=\"12cc7923\" data-element_type=\"widget\" data-settings=\"{&quot;_animation&quot;:&quot;fadeInDown&quot;,&quot;_animation_delay&quot;:200}\" data-widget_type=\"heading.default\">\n\t\t\t\t<div class=\"elementor-widget-container\">\n\t\t\t\t\t<h1 class=\"elementor-heading-title elementor-size-default\">Kostenloses Whitepaper<\/h1>\t\t\t\t<\/div>\n\t\t\t\t<\/div>\n\t\t\t\t\t<\/div>\n\t\t\t\t<\/div>\n\t\t\t\t\t<\/div>\n\t\t\t\t<\/div>\n\t\t<div class=\"elementor-element elementor-element-624fc148 e-flex e-con-boxed e-con e-parent\" data-id=\"624fc148\" data-element_type=\"container\">\n\t\t\t\t\t<div class=\"e-con-inner\">\n\t\t<div class=\"elementor-element elementor-element-2ad01542 e-con-full e-flex elementor-invisible e-con e-child\" data-id=\"2ad01542\" data-element_type=\"container\" data-settings=\"{&quot;animation&quot;:&quot;fadeInRight&quot;}\">\n\t\t\t\t<div class=\"elementor-element elementor-element-53f3512 elementor-align-center elementor-widget elementor-widget-lottie\" data-id=\"53f3512\" data-element_type=\"widget\" data-settings=\"{&quot;source_json&quot;:{&quot;url&quot;:&quot;https:\\\/\\\/pionaiers.nl\\\/wp-content\\\/uploads\\\/2025\\\/05\\\/hKrW6azbsE.json&quot;,&quot;id&quot;:237,&quot;size&quot;:&quot;&quot;,&quot;alt&quot;:&quot;&quot;,&quot;source&quot;:&quot;library&quot;},&quot;loop&quot;:&quot;yes&quot;,&quot;reverse_animation&quot;:&quot;yes&quot;,&quot;lazyload&quot;:&quot;yes&quot;,&quot;sticky&quot;:&quot;top&quot;,&quot;sticky_on&quot;:[&quot;desktop&quot;,&quot;tablet&quot;],&quot;sticky_parent&quot;:&quot;yes&quot;,&quot;sticky_offset&quot;:100,&quot;sticky_effects_offset&quot;:100,&quot;sticky_anchor_link_offset&quot;:10,&quot;source&quot;:&quot;media_file&quot;,&quot;caption_source&quot;:&quot;none&quot;,&quot;link_to&quot;:&quot;none&quot;,&quot;trigger&quot;:&quot;arriving_to_viewport&quot;,&quot;viewport&quot;:{&quot;unit&quot;:&quot;%&quot;,&quot;size&quot;:&quot;&quot;,&quot;sizes&quot;:{&quot;start&quot;:0,&quot;end&quot;:100}},&quot;play_speed&quot;:{&quot;unit&quot;:&quot;px&quot;,&quot;size&quot;:1,&quot;sizes&quot;:[]},&quot;start_point&quot;:{&quot;unit&quot;:&quot;%&quot;,&quot;size&quot;:0,&quot;sizes&quot;:[]},&quot;end_point&quot;:{&quot;unit&quot;:&quot;%&quot;,&quot;size&quot;:100,&quot;sizes&quot;:[]},&quot;renderer&quot;:&quot;svg&quot;}\" data-widget_type=\"lottie.default\">\n\t\t\t\t<div class=\"elementor-widget-container\">\n\t\t\t\t\t<div class=\"e-lottie__container\"><div class=\"e-lottie__animation\"><\/div><\/div>\t\t\t\t<\/div>\n\t\t\t\t<\/div>\n\t\t\t\t<\/div>\n\t\t<div class=\"elementor-element elementor-element-56bba4d2 e-con-full e-flex elementor-invisible e-con e-child\" data-id=\"56bba4d2\" data-element_type=\"container\" data-settings=\"{&quot;animation&quot;:&quot;fadeInRight&quot;}\">\n\t\t\t\t<div class=\"elementor-element elementor-element-141af491 elementor-widget elementor-widget-heading\" data-id=\"141af491\" data-element_type=\"widget\" data-widget_type=\"heading.default\">\n\t\t\t\t<div class=\"elementor-widget-container\">\n\t\t\t\t\t<h6 class=\"elementor-heading-title elementor-size-default\">Kostenloses Whitepaper<\/h6>\t\t\t\t<\/div>\n\t\t\t\t<\/div>\n\t\t\t\t<div class=\"elementor-element elementor-element-7d19011a elementor-widget elementor-widget-heading\" data-id=\"7d19011a\" data-element_type=\"widget\" data-widget_type=\"heading.default\">\n\t\t\t\t<div class=\"elementor-widget-container\">\n\t\t\t\t\t<h2 class=\"elementor-heading-title elementor-size-default\">M\u00f6chten Sie wissen, ob Ihre Inhalte f\u00fcr KI relevant sind?<\/h2>\t\t\t\t<\/div>\n\t\t\t\t<\/div>\n\t\t\t\t<div class=\"elementor-element elementor-element-53e600a elementor-widget elementor-widget-text-editor\" data-id=\"53e600a\" data-element_type=\"widget\" data-widget_type=\"text-editor.default\">\n\t\t\t\t<div class=\"elementor-widget-container\">\n\t\t\t\t\t\t\t\t\t<p data-start=\"405\" data-end=\"557\">In diesem kostenlosen Positionspapier erkl\u00e4ren wir, wie <strong data-start=\"453\" data-end=\"493\">Generative Engine Optimization (GEO)<\/strong> Ihre Organisation auf KI-Plattformen wie ChatGPT sichtbar macht.<\/p><p data-start=\"559\" data-end=\"568\">Sie erfahren:<\/p><ul data-start=\"569\" data-end=\"720\"><li data-start=\"569\" data-end=\"608\"><p data-start=\"571\" data-end=\"608\">Wie KI-Antworten generiert werden.<\/p><\/li><li data-start=\"609\" data-end=\"655\"><p data-start=\"611\" data-end=\"655\">Warum traditionelles SEO nicht mehr ausreicht.<\/p><\/li><li data-start=\"656\" data-end=\"720\"><p data-start=\"658\" data-end=\"720\">Welche Schritte Sie sofort unternehmen k\u00f6nnen, um von KI gefunden zu werden.<\/p><\/li><\/ul><p data-start=\"722\" data-end=\"786\">Sie m\u00fcssen keine Daten hinterlassen. Klicken Sie und laden Sie es sofort herunter. <\/p>\t\t\t\t\t\t\t\t<\/div>\n\t\t\t\t<\/div>\n\t\t\t\t<div class=\"elementor-element elementor-element-2f6aefb elementor-button-info elementor-align-center elementor-widget elementor-widget-button\" data-id=\"2f6aefb\" data-element_type=\"widget\" data-widget_type=\"button.default\">\n\t\t\t\t<div class=\"elementor-widget-container\">\n\t\t\t\t\t\t\t\t\t<div class=\"elementor-button-wrapper\">\n\t\t\t\t\t<a class=\"elementor-button elementor-button-link elementor-size-sm\" href=\"https:\/\/pionaiers.nl\/wp-content\/uploads\/2025\/08\/Propositiepaper-PionAIers.pdf\" target=\"_blank\">\n\t\t\t\t\t\t<span class=\"elementor-button-content-wrapper\">\n\t\t\t\t\t\t\t\t\t<span class=\"elementor-button-text\">Laden Sie das Angebotspapier herunter<\/span>\n\t\t\t\t\t<\/span>\n\t\t\t\t\t<\/a>\n\t\t\t\t<\/div>\n\t\t\t\t\t\t\t\t<\/div>\n\t\t\t\t<\/div>\n\t\t\t\t<div class=\"elementor-element elementor-element-de97868 elementor-widget elementor-widget-text-editor\" data-id=\"de97868\" data-element_type=\"widget\" data-widget_type=\"text-editor.default\">\n\t\t\t\t<div class=\"elementor-widget-container\">\n\t\t\t\t\t\t\t\t\t<p> <\/p><p> <\/p>\t\t\t\t\t\t\t\t<\/div>\n\t\t\t\t<\/div>\n\t\t\t\t<\/div>\n\t\t\t\t\t<\/div>\n\t\t\t\t<\/div>\n\t\t\t\t<\/div>\n\t\t","protected":false},"excerpt":{"rendered":"<p>M\u00f6chten Sie wissen, ob Ihre Inhalte f\u00fcr KI relevant sind? In diesem kostenlosen Positionspapier erkl\u00e4ren wir, wie Generative Engine Optimization (GEO) Ihre Organisation auf KI-Plattformen wie ChatGPT sichtbar macht. Sie erfahren: Wie KI-Antworten generiert werden. Warum traditionelles SEO nicht mehr ausreicht. Welche Schritte Sie sofort unternehmen k\u00f6nnen, um von KI gefunden zu werden. Sie m\u00fcssen [&hellip;]<\/p>\n","protected":false},"author":1,"featured_media":0,"parent":0,"menu_order":0,"comment_status":"closed","ping_status":"closed","template":"elementor_header_footer","meta":{"footnotes":""},"class_list":["post-793","page","type-page","status-publish","hentry"],"yoast_head":"<!-- This site is optimized with the Yoast SEO plugin v27.5 - https:\/\/yoast.com\/product\/yoast-seo-wordpress\/ -->\n<title>Kostenloses Whitepaper - PionAIers<\/title>\n<meta name=\"robots\" content=\"index, follow, max-snippet:-1, max-image-preview:large, max-video-preview:-1\" \/>\n<link rel=\"canonical\" href=\"https:\/\/pionaiers.nl\/de\/kostenloses-whitepaper\/\" \/>\n<meta property=\"og:locale\" content=\"de_DE\" \/>\n<meta property=\"og:type\" content=\"article\" \/>\n<meta property=\"og:title\" content=\"Kostenloses Whitepaper - PionAIers\" \/>\n<meta property=\"og:description\" content=\"M\u00f6chten Sie wissen, ob Ihre Inhalte f\u00fcr KI relevant sind? In diesem kostenlosen Positionspapier erkl\u00e4ren wir, wie Generative Engine Optimization (GEO) Ihre Organisation auf KI-Plattformen wie ChatGPT sichtbar macht. Sie erfahren: Wie KI-Antworten generiert werden. Warum traditionelles SEO nicht mehr ausreicht. Welche Schritte Sie sofort unternehmen k\u00f6nnen, um von KI gefunden zu werden. Sie m\u00fcssen [&hellip;]\" \/>\n<meta property=\"og:url\" content=\"https:\/\/pionaiers.nl\/de\/kostenloses-whitepaper\/\" \/>\n<meta property=\"og:site_name\" content=\"PionAIers\" \/>\n<meta property=\"article:modified_time\" content=\"2025-11-21T09:51:10+00:00\" \/>\n<meta name=\"twitter:card\" content=\"summary_large_image\" \/>\n<script type=\"application\/ld+json\" class=\"yoast-schema-graph\">{\"@context\":\"https:\\\/\\\/schema.org\",\"@graph\":[{\"@type\":\"WebPage\",\"@id\":\"https:\\\/\\\/pionaiers.nl\\\/de\\\/kostenloses-whitepaper\\\/\",\"url\":\"https:\\\/\\\/pionaiers.nl\\\/de\\\/kostenloses-whitepaper\\\/\",\"name\":\"Kostenloses Whitepaper - PionAIers\",\"isPartOf\":{\"@id\":\"https:\\\/\\\/pionaiers.nl\\\/de\\\/#website\"},\"datePublished\":\"2025-05-22T04:08:55+00:00\",\"dateModified\":\"2025-11-21T09:51:10+00:00\",\"breadcrumb\":{\"@id\":\"https:\\\/\\\/pionaiers.nl\\\/de\\\/kostenloses-whitepaper\\\/#breadcrumb\"},\"inLanguage\":\"de\",\"potentialAction\":[{\"@type\":\"ReadAction\",\"target\":[\"https:\\\/\\\/pionaiers.nl\\\/de\\\/kostenloses-whitepaper\\\/\"]}]},{\"@type\":\"BreadcrumbList\",\"@id\":\"https:\\\/\\\/pionaiers.nl\\\/de\\\/kostenloses-whitepaper\\\/#breadcrumb\",\"itemListElement\":[{\"@type\":\"ListItem\",\"position\":1,\"name\":\"Startseite\",\"item\":\"https:\\\/\\\/pionaiers.nl\\\/de\\\/\"},{\"@type\":\"ListItem\",\"position\":2,\"name\":\"Kostenloses Whitepaper\"}]},{\"@type\":\"WebSite\",\"@id\":\"https:\\\/\\\/pionaiers.nl\\\/de\\\/#website\",\"url\":\"https:\\\/\\\/pionaiers.nl\\\/de\\\/\",\"name\":\"PionAIers\",\"description\":\"\",\"potentialAction\":[{\"@type\":\"SearchAction\",\"target\":{\"@type\":\"EntryPoint\",\"urlTemplate\":\"https:\\\/\\\/pionaiers.nl\\\/de\\\/?s={search_term_string}\"},\"query-input\":{\"@type\":\"PropertyValueSpecification\",\"valueRequired\":true,\"valueName\":\"search_term_string\"}}],\"inLanguage\":\"de\"}]}<\/script>\n<!-- \/ Yoast SEO plugin. -->","yoast_head_json":{"title":"Kostenloses Whitepaper - PionAIers","robots":{"index":"index","follow":"follow","max-snippet":"max-snippet:-1","max-image-preview":"max-image-preview:large","max-video-preview":"max-video-preview:-1"},"canonical":"https:\/\/pionaiers.nl\/de\/kostenloses-whitepaper\/","og_locale":"de_DE","og_type":"article","og_title":"Kostenloses Whitepaper - PionAIers","og_description":"M\u00f6chten Sie wissen, ob Ihre Inhalte f\u00fcr KI relevant sind? In diesem kostenlosen Positionspapier erkl\u00e4ren wir, wie Generative Engine Optimization (GEO) Ihre Organisation auf KI-Plattformen wie ChatGPT sichtbar macht. Sie erfahren: Wie KI-Antworten generiert werden. Warum traditionelles SEO nicht mehr ausreicht. Welche Schritte Sie sofort unternehmen k\u00f6nnen, um von KI gefunden zu werden. Sie m\u00fcssen [&hellip;]","og_url":"https:\/\/pionaiers.nl\/de\/kostenloses-whitepaper\/","og_site_name":"PionAIers","article_modified_time":"2025-11-21T09:51:10+00:00","twitter_card":"summary_large_image","schema":{"@context":"https:\/\/schema.org","@graph":[{"@type":"WebPage","@id":"https:\/\/pionaiers.nl\/de\/kostenloses-whitepaper\/","url":"https:\/\/pionaiers.nl\/de\/kostenloses-whitepaper\/","name":"Kostenloses Whitepaper - PionAIers","isPartOf":{"@id":"https:\/\/pionaiers.nl\/de\/#website"},"datePublished":"2025-05-22T04:08:55+00:00","dateModified":"2025-11-21T09:51:10+00:00","breadcrumb":{"@id":"https:\/\/pionaiers.nl\/de\/kostenloses-whitepaper\/#breadcrumb"},"inLanguage":"de","potentialAction":[{"@type":"ReadAction","target":["https:\/\/pionaiers.nl\/de\/kostenloses-whitepaper\/"]}]},{"@type":"BreadcrumbList","@id":"https:\/\/pionaiers.nl\/de\/kostenloses-whitepaper\/#breadcrumb","itemListElement":[{"@type":"ListItem","position":1,"name":"Startseite","item":"https:\/\/pionaiers.nl\/de\/"},{"@type":"ListItem","position":2,"name":"Kostenloses Whitepaper"}]},{"@type":"WebSite","@id":"https:\/\/pionaiers.nl\/de\/#website","url":"https:\/\/pionaiers.nl\/de\/","name":"PionAIers","description":"","potentialAction":[{"@type":"SearchAction","target":{"@type":"EntryPoint","urlTemplate":"https:\/\/pionaiers.nl\/de\/?s={search_term_string}"},"query-input":{"@type":"PropertyValueSpecification","valueRequired":true,"valueName":"search_term_string"}}],"inLanguage":"de"}]}},"_links":{"self":[{"href":"https:\/\/pionaiers.nl\/de\/wp-json\/wp\/v2\/pages\/793","targetHints":{"allow":["GET"]}}],"collection":[{"href":"https:\/\/pionaiers.nl\/de\/wp-json\/wp\/v2\/pages"}],"about":[{"href":"https:\/\/pionaiers.nl\/de\/wp-json\/wp\/v2\/types\/page"}],"author":[{"embeddable":true,"href":"https:\/\/pionaiers.nl\/de\/wp-json\/wp\/v2\/users\/1"}],"replies":[{"embeddable":true,"href":"https:\/\/pionaiers.nl\/de\/wp-json\/wp\/v2\/comments?post=793"}],"version-history":[{"count":2,"href":"https:\/\/pionaiers.nl\/de\/wp-json\/wp\/v2\/pages\/793\/revisions"}],"predecessor-version":[{"id":1448,"href":"https:\/\/pionaiers.nl\/de\/wp-json\/wp\/v2\/pages\/793\/revisions\/1448"}],"wp:attachment":[{"href":"https:\/\/pionaiers.nl\/de\/wp-json\/wp\/v2\/media?parent=793"}],"curies":[{"name":"wp","href":"https:\/\/api.w.org\/{rel}","templated":true}]}}