{"id":1398,"date":"2025-05-22T04:08:55","date_gmt":"2025-05-22T04:08:55","guid":{"rendered":"https:\/\/pionaiers.nl\/karriere-bei\/"},"modified":"2025-11-20T09:40:07","modified_gmt":"2025-11-20T09:40:07","slug":"karriere-bei","status":"publish","type":"page","link":"https:\/\/pionaiers.nl\/de\/karriere-bei\/","title":{"rendered":"Karriere bei"},"content":{"rendered":"\t\t<div data-elementor-type=\"wp-page\" data-elementor-id=\"1398\" class=\"elementor elementor-1398 elementor-1374\" data-elementor-post-type=\"page\">\n\t\t\t\t<div class=\"elementor-element elementor-element-674eaa67 e-flex e-con-boxed e-con e-parent\" data-id=\"674eaa67\" data-element_type=\"container\" data-settings=\"{&quot;background_background&quot;:&quot;classic&quot;}\">\n\t\t\t\t\t<div class=\"e-con-inner\">\n\t\t<div class=\"elementor-element elementor-element-55d85a92 e-flex e-con-boxed e-con e-child\" data-id=\"55d85a92\" data-element_type=\"container\">\n\t\t\t\t\t<div class=\"e-con-inner\">\n\t\t\t\t<div class=\"elementor-element elementor-element-12cc7923 elementor-invisible elementor-widget elementor-widget-heading\" data-id=\"12cc7923\" data-element_type=\"widget\" data-settings=\"{&quot;_animation&quot;:&quot;fadeInDown&quot;,&quot;_animation_delay&quot;:200}\" data-widget_type=\"heading.default\">\n\t\t\t\t<div class=\"elementor-widget-container\">\n\t\t\t\t\t<h1 class=\"elementor-heading-title elementor-size-default\">Karriere bei<\/h1>\t\t\t\t<\/div>\n\t\t\t\t<\/div>\n\t\t\t\t\t<\/div>\n\t\t\t\t<\/div>\n\t\t\t\t\t<\/div>\n\t\t\t\t<\/div>\n\t\t<div class=\"elementor-element elementor-element-624fc148 e-flex e-con-boxed e-con e-parent\" data-id=\"624fc148\" data-element_type=\"container\">\n\t\t\t\t\t<div class=\"e-con-inner\">\n\t\t\t\t<div class=\"elementor-element elementor-element-fffc827 elementor-widget elementor-widget-text-editor\" data-id=\"fffc827\" data-element_type=\"widget\" data-widget_type=\"text-editor.default\">\n\t\t\t\t<div class=\"elementor-widget-container\">\n\t\t\t\t\t\t\t\t\t<h2 class=\"elementor-heading-title elementor-size-default elementor-inline-editing pen\" contenteditable=\"true\" data-elementor-setting-key=\"title\" data-pen-placeholder=\"Hier typen...\">Stellenangebot: Business Development \/ Vertrieb (KI &amp; GEO) PionAIers<\/h2>\t\t\t\t\t\t\t\t<\/div>\n\t\t\t\t<\/div>\n\t\t<div class=\"elementor-element elementor-element-2ad01542 e-con-full e-flex elementor-invisible e-con e-child\" data-id=\"2ad01542\" data-element_type=\"container\" data-settings=\"{&quot;animation&quot;:&quot;fadeInRight&quot;}\">\n\t\t\t\t<div class=\"elementor-element elementor-element-3155878 elementor-widget elementor-widget-image\" data-id=\"3155878\" data-element_type=\"widget\" data-settings=\"{&quot;_animation&quot;:&quot;none&quot;}\" data-widget_type=\"image.default\">\n\t\t\t\t<div class=\"elementor-widget-container\">\n\t\t\t\t\t\t\t\t\t\t\t\t\t\t\t<img fetchpriority=\"high\" decoding=\"async\" width=\"800\" height=\"534\" src=\"https:\/\/pionaiers.nl\/wp-content\/uploads\/2025\/11\/ZeoKantoor03-1024x683.jpg\" class=\"attachment-large size-large wp-image-1399\" alt=\"\" srcset=\"https:\/\/pionaiers.nl\/wp-content\/uploads\/2025\/11\/ZeoKantoor03-1024x683.jpg 1024w, https:\/\/pionaiers.nl\/wp-content\/uploads\/2025\/11\/ZeoKantoor03-300x200.jpg 300w, https:\/\/pionaiers.nl\/wp-content\/uploads\/2025\/11\/ZeoKantoor03-768x512.jpg 768w, https:\/\/pionaiers.nl\/wp-content\/uploads\/2025\/11\/ZeoKantoor03-1536x1024.jpg 1536w, https:\/\/pionaiers.nl\/wp-content\/uploads\/2025\/11\/ZeoKantoor03-2048x1366.jpg 2048w\" sizes=\"(max-width: 800px) 100vw, 800px\" \/>\t\t\t\t\t\t\t\t\t\t\t\t\t\t\t<\/div>\n\t\t\t\t<\/div>\n\t\t\t\t<\/div>\n\t\t<div class=\"elementor-element elementor-element-56bba4d2 e-con-full e-flex elementor-invisible e-con e-child\" data-id=\"56bba4d2\" data-element_type=\"container\" data-settings=\"{&quot;animation&quot;:&quot;fadeInRight&quot;}\">\n\t\t\t\t<div class=\"elementor-element elementor-element-53e600a elementor-widget elementor-widget-text-editor\" data-id=\"53e600a\" data-element_type=\"widget\" data-widget_type=\"text-editor.default\">\n\t\t\t\t<div class=\"elementor-widget-container\">\n\t\t\t\t\t\t\t\t\t<p><b>Bauen Sie mit am neuen Standard f\u00fcr Online-Sichtbarkeit?<\/b><\/p><p><span style=\"font-weight: 400;\">KI ver\u00e4ndert alles. Wie Menschen suchen, wie Marken gefunden werden und wie Unternehmen wachsen. Bei <\/span>PionAIers<span style=\"font-weight: 400;\"> helfen wir Organisationen, nicht nur in Google, sondern auch in ChatGPT, Perplexity und Gemini sichtbar zu sein. Das nennen wir: <\/span>GEO, Generative Engine Optimization.<\/p><p><strong><span style=\"color: #000000;\">Und Sie?<\/span><\/strong><span style=\"font-weight: 400;\"><br><\/span><span style=\"font-weight: 400;\">Sie werden das kommerzielle Gesicht, das Organisationen davon \u00fcberzeugt, dass der KI-Zug <\/span><i><span style=\"font-weight: 400;\">jetzt<\/span><\/i><span style=\"font-weight: 400;\"> abf\u00e4hrt und dass sie bei uns einsteigen m\u00fcssen.<\/span><\/p>\t\t\t\t\t\t\t\t<\/div>\n\t\t\t\t<\/div>\n\t\t\t\t<div class=\"elementor-element elementor-element-7503eff elementor-widget elementor-widget-heading\" data-id=\"7503eff\" data-element_type=\"widget\" data-widget_type=\"heading.default\">\n\t\t\t\t<div class=\"elementor-widget-container\">\n\t\t\t\t\t<h2 class=\"elementor-heading-title elementor-size-default\">Ihre Rolle: Sie \u00f6ffnen T\u00fcren, die noch nicht einmal existieren<\/h2>\t\t\t\t<\/div>\n\t\t\t\t<\/div>\n\t\t\t\t<div class=\"elementor-element elementor-element-97fc473 elementor-widget elementor-widget-text-editor\" data-id=\"97fc473\" data-element_type=\"widget\" data-widget_type=\"text-editor.default\">\n\t\t\t\t<div class=\"elementor-widget-container\">\n\t\t\t\t\t\t\t\t\t<p><span style=\"font-weight: 400;\">Als Business Development-Professional bei PionAIers sind Sie nicht der Standardverk\u00e4ufer, der Anrufe t\u00e4tigt. Sie: <\/span><\/p><ul><li style=\"font-weight: 400;\" aria-level=\"1\"><span style=\"font-weight: 400;\">Erkennen Chancen in einem Markt, der gerade erst entsteht.<\/span><\/li><li style=\"font-weight: 400;\" aria-level=\"1\"><span style=\"font-weight: 400;\">Erkl\u00e4ren, warum Unternehmen nicht mehr nur mit SEO auskommen, sondern auch KI-Sichtbarkeit beanspruchen m\u00fcssen.<\/span><span style=\"font-weight: 400;\"><br><\/span><span style=\"font-weight: 400;\">F\u00fchren Gespr\u00e4che mit Gesch\u00e4ftsleitungen, Marketing-Leads und E-Commerce-Teams \u00fcber KI-Dominanz, AEO\/GEO-Strategien und nachhaltiges Wachstum.<\/span><\/li><li style=\"font-weight: 400;\" aria-level=\"1\"><span style=\"font-weight: 400;\">Verkaufen L\u00f6sungen wie KI Readiness Scans, GEO-Audits, KI-Strategie-Sessions und KI-Trainings.<\/span><\/li><li style=\"font-weight: 400;\" aria-level=\"1\"><span style=\"font-weight: 400;\">Bauen einen kommerziellen Funnel auf, der sowohl smart, skalierbar als auch effektiv ist.<\/span><\/li><li style=\"font-weight: 400;\" aria-level=\"1\"><span style=\"font-weight: 400;\">Testen neue Pitches, Frameworks und Propositionsmodelle: Sie sind Mitarchitekt unseres Wachstums.<\/span><\/li><\/ul><p> <\/p><p><span style=\"font-weight: 400;\">Kurz gesagt: Sie helfen Unternehmen, <\/span><b>zukunftssicher sichtbar<\/b><span style=\"font-weight: 400;\"> zu werden, bevor ihre Konkurrenz es tut.<\/span><\/p>\t\t\t\t\t\t\t\t<\/div>\n\t\t\t\t<\/div>\n\t\t\t\t<\/div>\n\t\t<div class=\"elementor-element elementor-element-ad14061 e-con-full e-flex elementor-invisible e-con e-child\" data-id=\"ad14061\" data-element_type=\"container\" data-settings=\"{&quot;animation&quot;:&quot;fadeInRight&quot;}\">\n\t\t\t\t<div class=\"elementor-element elementor-element-05a9ba8 elementor-widget elementor-widget-heading\" data-id=\"05a9ba8\" data-element_type=\"widget\" data-widget_type=\"heading.default\">\n\t\t\t\t<div class=\"elementor-widget-container\">\n\t\t\t\t\t<h2 class=\"elementor-heading-title elementor-size-default\">Was Sie mitbringen:<\/h2>\t\t\t\t<\/div>\n\t\t\t\t<\/div>\n\t\t\t\t<div class=\"elementor-element elementor-element-d03660b elementor-widget elementor-widget-text-editor\" data-id=\"d03660b\" data-element_type=\"widget\" data-widget_type=\"text-editor.default\">\n\t\t\t\t<div class=\"elementor-widget-container\">\n\t\t\t\t\t\t\t\t\t<ul><li style=\"font-weight: 400;\" aria-level=\"1\"><span style=\"font-weight: 400;\">Sie haben kommerzielle Erfahrung (B2B\/Agentur\/Tech = gro\u00dfes Plus).<\/span><\/li><li style=\"font-weight: 400;\" aria-level=\"1\"><span style=\"font-weight: 400;\">Sie freuen sich \u00fcber Begriffe wie <\/span><i><span style=\"font-weight: 400;\">KI-Sichtbarkeit, Conversational Search, GEO, Entity-Building, Citations, Topical Clusters<\/span><\/i><span style=\"font-weight: 400;\"> und <\/span><i><span style=\"font-weight: 400;\">AEO<\/span><\/i><span style=\"font-weight: 400;\">. Wenn Sie noch nicht alles wissen, sorgen Sie daf\u00fcr, dass Sie es schnell lernen.<\/span><\/li><li style=\"font-weight: 400;\" aria-level=\"1\"><span style=\"font-weight: 400;\">Sie wechseln m\u00fchelos zwischen Inhalt, Beziehung und Deal-Closing.<\/span><\/li><li style=\"font-weight: 400;\" aria-level=\"1\"><span style=\"font-weight: 400;\">Sie sind kreativ in Ihrem kommerziellen Ansatz; testen gerne neue Ideen.<\/span><\/li><li style=\"font-weight: 400;\" aria-level=\"1\"><span style=\"font-weight: 400;\">Sie haben Energie, Initiative und \u00dcberzeugungskraft.<\/span><\/li><li style=\"font-weight: 400;\" aria-level=\"1\"><span style=\"font-weight: 400;\">Es gef\u00e4llt Ihnen, in einem Startup-\u00e4hnlichen Label innerhalb einer etablierten Agentur (Zeo) zu arbeiten.<\/span><\/li><\/ul>\t\t\t\t\t\t\t\t<\/div>\n\t\t\t\t<\/div>\n\t\t\t\t<div class=\"elementor-element elementor-element-331f7a9 elementor-widget elementor-widget-heading\" data-id=\"331f7a9\" data-element_type=\"widget\" data-widget_type=\"heading.default\">\n\t\t\t\t<div class=\"elementor-widget-container\">\n\t\t\t\t\t<h2 class=\"elementor-heading-title elementor-size-default\">Was Sie bekommen:<\/h2>\t\t\t\t<\/div>\n\t\t\t\t<\/div>\n\t\t\t\t<div class=\"elementor-element elementor-element-20a9c38 elementor-widget elementor-widget-text-editor\" data-id=\"20a9c38\" data-element_type=\"widget\" data-widget_type=\"text-editor.default\">\n\t\t\t\t<div class=\"elementor-widget-container\">\n\t\t\t\t\t\t\t\t\t<p><span style=\"font-weight: 400;\">Sie arbeiten bei PionAIers, aber vom modernen B\u00fcro von Zeo in Utrecht aus. Sie erhalten also: <\/span><\/p><p><b>Gute Konditionen:<\/b><\/p><ul><li style=\"font-weight: 400;\" aria-level=\"1\"><span style=\"font-weight: 400;\">Gehalt basierend auf Erfahrung, zwischen <\/span>\u20ac 2.600 \u2013 \u20ac 4.000.<\/li><li style=\"font-weight: 400;\" aria-level=\"1\"><span style=\"font-weight: 400;\">Betriebliche Altersvorsorge.<\/span><\/li><li style=\"font-weight: 400;\" aria-level=\"1\"><span style=\"font-weight: 400;\">Unbegrenzte Urlaubstage.<\/span><\/li><li style=\"font-weight: 400;\" aria-level=\"1\"><span style=\"font-weight: 400;\">Reisekostenregelung.<\/span><\/li><li style=\"font-weight: 400;\" aria-level=\"1\"><span style=\"font-weight: 400;\">Weiterbildungsbudget, um sich stetig weiterzuentwickeln.<\/span><\/li><li style=\"font-weight: 400;\" aria-level=\"1\"><span style=\"font-weight: 400;\">Hybrides Arbeiten, wenn Sie m\u00f6chten.<\/span><\/li><li style=\"font-weight: 400;\" aria-level=\"1\"><span style=\"font-weight: 400;\">Ein B\u00fcro voller fantastischer Kollegen, Freitagnachmittagsgetr\u00e4nke und eine Kultur, in der Spa\u00df und Leistung Hand in Hand gehen.<\/span> <\/li><\/ul><p> <\/p><p><b>Zus\u00e4tzliche Vorteile von PionAIers:<\/b><\/p><ul><li style=\"font-weight: 400;\" aria-level=\"1\"><span style=\"font-weight: 400;\">Arbeit in einem der ersten GEO-spezialisierten Teams in den Niederlanden.<\/span><\/li><li style=\"font-weight: 400;\" aria-level=\"1\"><span style=\"font-weight: 400;\">Direkte Mitgestaltung einer sich selbst neu erfindenden Proposition: Ihre Ideen z\u00e4hlen wirklich.<\/span><\/li><li style=\"font-weight: 400;\" aria-level=\"1\"><span style=\"font-weight: 400;\">Sie bauen mit am Standard f\u00fcr KI-Sichtbarkeit in den Niederlanden.<\/span><\/li><\/ul><p> <\/p><p><span style=\"font-weight: 400;\">Sie arbeiten in einem kleinen, s<\/span><span style=\"font-weight: 400;\">chnellen Team, das Dinge tut, anstatt nur dar\u00fcber zu reden.<\/span><span style=\"font-weight: 400;\"><br><\/span><\/p>\t\t\t\t\t\t\t\t<\/div>\n\t\t\t\t<\/div>\n\t\t\t\t<\/div>\n\t\t<div class=\"elementor-element elementor-element-bbd34f0 e-con-full e-flex elementor-invisible e-con e-child\" data-id=\"bbd34f0\" data-element_type=\"container\" data-settings=\"{&quot;animation&quot;:&quot;fadeInRight&quot;}\">\n\t\t\t\t<div class=\"elementor-element elementor-element-8612f44 elementor-widget elementor-widget-image\" data-id=\"8612f44\" data-element_type=\"widget\" data-settings=\"{&quot;_animation&quot;:&quot;none&quot;}\" data-widget_type=\"image.default\">\n\t\t\t\t<div class=\"elementor-widget-container\">\n\t\t\t\t\t\t\t\t\t\t\t\t\t\t\t<img decoding=\"async\" width=\"768\" height=\"1024\" src=\"https:\/\/pionaiers.nl\/wp-content\/uploads\/2025\/11\/lisa-annika-dylan-maris-2-768x1024.jpg\" class=\"attachment-large size-large wp-image-1400\" alt=\"\" srcset=\"https:\/\/pionaiers.nl\/wp-content\/uploads\/2025\/11\/lisa-annika-dylan-maris-2-768x1024.jpg 768w, https:\/\/pionaiers.nl\/wp-content\/uploads\/2025\/11\/lisa-annika-dylan-maris-2-225x300.jpg 225w, https:\/\/pionaiers.nl\/wp-content\/uploads\/2025\/11\/lisa-annika-dylan-maris-2-1152x1536.jpg 1152w, https:\/\/pionaiers.nl\/wp-content\/uploads\/2025\/11\/lisa-annika-dylan-maris-2-1536x2048.jpg 1536w, https:\/\/pionaiers.nl\/wp-content\/uploads\/2025\/11\/lisa-annika-dylan-maris-2-scaled.jpg 1920w\" sizes=\"(max-width: 768px) 100vw, 768px\" \/>\t\t\t\t\t\t\t\t\t\t\t\t\t\t\t<\/div>\n\t\t\t\t<\/div>\n\t\t\t\t<\/div>\n\t\t\t\t\t<\/div>\n\t\t\t\t<\/div>\n\t\t<div class=\"elementor-element elementor-element-4b62bf9 e-flex e-con-boxed e-con e-parent\" data-id=\"4b62bf9\" data-element_type=\"container\">\n\t\t\t\t\t<div class=\"e-con-inner\">\n\t\t\t\t<div class=\"elementor-element elementor-element-70fea19 elementor-widget elementor-widget-text-editor\" data-id=\"70fea19\" data-element_type=\"widget\" data-widget_type=\"text-editor.default\">\n\t\t\t\t<div class=\"elementor-widget-container\">\n\t\t\t\t\t\t\t\t\t<p><span style=\"color: #000000;\"><strong>Diese Position ist alles andere als eine Standard-Vertriebsfunktion.<\/strong><\/span><br data-start=\"53\" data-end=\"56\"><span style=\"color: #000000;\">Sie helfen Unternehmen, in einem sich rasant ver\u00e4ndernden Markt zu wachsen. <\/span><span style=\"color: #000000;\">Nicht indem Sie Standard-Marketing verkaufen, sondern indem Sie die neue Realit\u00e4t aufzeigen.<\/span><br data-start=\"211\" data-end=\"214\"><span style=\"color: #000000;\">Sie sprechen mit Kunden \u00fcber ihre Zukunft und bauen etwas mit auf, das \u00fcber \u201enur eine weitere Agenturdienstleistung\u201c hinausgeht.<\/span><\/p><p><span style=\"color: #000000;\"><span style=\"font-weight: 400;\">Sie stehen buchst\u00e4blich <\/span>an der Spitze einer KI-Revolution. <\/span><span style=\"color: #000000;\"><b>Klingt das nach Ihrem neuen Abenteuer?<\/b><\/span><\/p><p><span style=\"font-weight: 400; color: #000000;\">Senden Sie Ihren Lebenslauf und ein kurzes Motivationsschreiben an mariska@pionaiers.nl. <\/span><\/p>\t\t\t\t\t\t\t\t<\/div>\n\t\t\t\t<\/div>\n\t\t\t\t\t<\/div>\n\t\t\t\t<\/div>\n\t\t\t\t<\/div>\n\t\t","protected":false},"excerpt":{"rendered":"<p>Stellenangebot: Business Development \/ Vertrieb (KI &amp; GEO) PionAIers Bauen Sie mit am neuen Standard f\u00fcr Online-Sichtbarkeit? KI ver\u00e4ndert alles. Wie Menschen suchen, wie Marken gefunden werden und wie Unternehmen wachsen. Bei PionAIers helfen wir Organisationen, nicht nur in Google, sondern auch in ChatGPT, Perplexity und Gemini sichtbar zu sein. Das nennen wir: GEO, Generative [&hellip;]<\/p>\n","protected":false},"author":1,"featured_media":0,"parent":0,"menu_order":0,"comment_status":"closed","ping_status":"closed","template":"elementor_header_footer","meta":{"footnotes":""},"class_list":["post-1398","page","type-page","status-publish","hentry"],"yoast_head":"<!-- This site is optimized with the Yoast SEO plugin v27.5 - https:\/\/yoast.com\/product\/yoast-seo-wordpress\/ -->\n<title>Karriere bei - PionAIers<\/title>\n<meta name=\"robots\" content=\"index, follow, max-snippet:-1, max-image-preview:large, max-video-preview:-1\" \/>\n<link rel=\"canonical\" href=\"https:\/\/pionaiers.nl\/de\/karriere-bei\/\" \/>\n<meta property=\"og:locale\" content=\"de_DE\" \/>\n<meta property=\"og:type\" content=\"article\" \/>\n<meta property=\"og:title\" content=\"Karriere bei - PionAIers\" \/>\n<meta property=\"og:description\" content=\"Stellenangebot: Business Development \/ Vertrieb (KI &amp; GEO) PionAIers Bauen Sie mit am neuen Standard f\u00fcr Online-Sichtbarkeit? KI ver\u00e4ndert alles. Wie Menschen suchen, wie Marken gefunden werden und wie Unternehmen wachsen. Bei PionAIers helfen wir Organisationen, nicht nur in Google, sondern auch in ChatGPT, Perplexity und Gemini sichtbar zu sein. Das nennen wir: GEO, Generative [&hellip;]\" \/>\n<meta property=\"og:url\" content=\"https:\/\/pionaiers.nl\/de\/karriere-bei\/\" \/>\n<meta property=\"og:site_name\" content=\"PionAIers\" \/>\n<meta property=\"article:modified_time\" content=\"2025-11-20T09:40:07+00:00\" \/>\n<meta property=\"og:image\" content=\"https:\/\/pionaiers.nl\/wp-content\/uploads\/2025\/11\/ZeoKantoor03-1024x683.jpg\" \/>\n\t<meta property=\"og:image:width\" content=\"1024\" \/>\n\t<meta property=\"og:image:height\" content=\"683\" \/>\n\t<meta property=\"og:image:type\" content=\"image\/jpeg\" \/>\n<meta name=\"twitter:card\" content=\"summary_large_image\" \/>\n<meta name=\"twitter:label1\" content=\"Gesch\u00e4tzte Lesezeit\" \/>\n\t<meta name=\"twitter:data1\" content=\"2\u00a0Minuten\" \/>\n<script type=\"application\/ld+json\" class=\"yoast-schema-graph\">{\"@context\":\"https:\\\/\\\/schema.org\",\"@graph\":[{\"@type\":\"WebPage\",\"@id\":\"https:\\\/\\\/pionaiers.nl\\\/de\\\/karriere-bei\\\/\",\"url\":\"https:\\\/\\\/pionaiers.nl\\\/de\\\/karriere-bei\\\/\",\"name\":\"Karriere bei - PionAIers\",\"isPartOf\":{\"@id\":\"https:\\\/\\\/pionaiers.nl\\\/de\\\/#website\"},\"primaryImageOfPage\":{\"@id\":\"https:\\\/\\\/pionaiers.nl\\\/de\\\/karriere-bei\\\/#primaryimage\"},\"image\":{\"@id\":\"https:\\\/\\\/pionaiers.nl\\\/de\\\/karriere-bei\\\/#primaryimage\"},\"thumbnailUrl\":\"https:\\\/\\\/pionaiers.nl\\\/wp-content\\\/uploads\\\/2025\\\/11\\\/ZeoKantoor03-1024x683.jpg\",\"datePublished\":\"2025-05-22T04:08:55+00:00\",\"dateModified\":\"2025-11-20T09:40:07+00:00\",\"breadcrumb\":{\"@id\":\"https:\\\/\\\/pionaiers.nl\\\/de\\\/karriere-bei\\\/#breadcrumb\"},\"inLanguage\":\"de\",\"potentialAction\":[{\"@type\":\"ReadAction\",\"target\":[\"https:\\\/\\\/pionaiers.nl\\\/de\\\/karriere-bei\\\/\"]}]},{\"@type\":\"ImageObject\",\"inLanguage\":\"de\",\"@id\":\"https:\\\/\\\/pionaiers.nl\\\/de\\\/karriere-bei\\\/#primaryimage\",\"url\":\"https:\\\/\\\/pionaiers.nl\\\/wp-content\\\/uploads\\\/2025\\\/11\\\/ZeoKantoor03-1024x683.jpg\",\"contentUrl\":\"https:\\\/\\\/pionaiers.nl\\\/wp-content\\\/uploads\\\/2025\\\/11\\\/ZeoKantoor03-1024x683.jpg\"},{\"@type\":\"BreadcrumbList\",\"@id\":\"https:\\\/\\\/pionaiers.nl\\\/de\\\/karriere-bei\\\/#breadcrumb\",\"itemListElement\":[{\"@type\":\"ListItem\",\"position\":1,\"name\":\"Startseite\",\"item\":\"https:\\\/\\\/pionaiers.nl\\\/de\\\/\"},{\"@type\":\"ListItem\",\"position\":2,\"name\":\"Karriere bei\"}]},{\"@type\":\"WebSite\",\"@id\":\"https:\\\/\\\/pionaiers.nl\\\/de\\\/#website\",\"url\":\"https:\\\/\\\/pionaiers.nl\\\/de\\\/\",\"name\":\"PionAIers\",\"description\":\"\",\"potentialAction\":[{\"@type\":\"SearchAction\",\"target\":{\"@type\":\"EntryPoint\",\"urlTemplate\":\"https:\\\/\\\/pionaiers.nl\\\/de\\\/?s={search_term_string}\"},\"query-input\":{\"@type\":\"PropertyValueSpecification\",\"valueRequired\":true,\"valueName\":\"search_term_string\"}}],\"inLanguage\":\"de\"}]}<\/script>\n<!-- \/ Yoast SEO plugin. -->","yoast_head_json":{"title":"Karriere bei - PionAIers","robots":{"index":"index","follow":"follow","max-snippet":"max-snippet:-1","max-image-preview":"max-image-preview:large","max-video-preview":"max-video-preview:-1"},"canonical":"https:\/\/pionaiers.nl\/de\/karriere-bei\/","og_locale":"de_DE","og_type":"article","og_title":"Karriere bei - PionAIers","og_description":"Stellenangebot: Business Development \/ Vertrieb (KI &amp; GEO) PionAIers Bauen Sie mit am neuen Standard f\u00fcr Online-Sichtbarkeit? KI ver\u00e4ndert alles. Wie Menschen suchen, wie Marken gefunden werden und wie Unternehmen wachsen. Bei PionAIers helfen wir Organisationen, nicht nur in Google, sondern auch in ChatGPT, Perplexity und Gemini sichtbar zu sein. Das nennen wir: GEO, Generative [&hellip;]","og_url":"https:\/\/pionaiers.nl\/de\/karriere-bei\/","og_site_name":"PionAIers","article_modified_time":"2025-11-20T09:40:07+00:00","og_image":[{"width":1024,"height":683,"url":"https:\/\/pionaiers.nl\/wp-content\/uploads\/2025\/11\/ZeoKantoor03-1024x683.jpg","type":"image\/jpeg"}],"twitter_card":"summary_large_image","twitter_misc":{"Gesch\u00e4tzte Lesezeit":"2\u00a0Minuten"},"schema":{"@context":"https:\/\/schema.org","@graph":[{"@type":"WebPage","@id":"https:\/\/pionaiers.nl\/de\/karriere-bei\/","url":"https:\/\/pionaiers.nl\/de\/karriere-bei\/","name":"Karriere bei - PionAIers","isPartOf":{"@id":"https:\/\/pionaiers.nl\/de\/#website"},"primaryImageOfPage":{"@id":"https:\/\/pionaiers.nl\/de\/karriere-bei\/#primaryimage"},"image":{"@id":"https:\/\/pionaiers.nl\/de\/karriere-bei\/#primaryimage"},"thumbnailUrl":"https:\/\/pionaiers.nl\/wp-content\/uploads\/2025\/11\/ZeoKantoor03-1024x683.jpg","datePublished":"2025-05-22T04:08:55+00:00","dateModified":"2025-11-20T09:40:07+00:00","breadcrumb":{"@id":"https:\/\/pionaiers.nl\/de\/karriere-bei\/#breadcrumb"},"inLanguage":"de","potentialAction":[{"@type":"ReadAction","target":["https:\/\/pionaiers.nl\/de\/karriere-bei\/"]}]},{"@type":"ImageObject","inLanguage":"de","@id":"https:\/\/pionaiers.nl\/de\/karriere-bei\/#primaryimage","url":"https:\/\/pionaiers.nl\/wp-content\/uploads\/2025\/11\/ZeoKantoor03-1024x683.jpg","contentUrl":"https:\/\/pionaiers.nl\/wp-content\/uploads\/2025\/11\/ZeoKantoor03-1024x683.jpg"},{"@type":"BreadcrumbList","@id":"https:\/\/pionaiers.nl\/de\/karriere-bei\/#breadcrumb","itemListElement":[{"@type":"ListItem","position":1,"name":"Startseite","item":"https:\/\/pionaiers.nl\/de\/"},{"@type":"ListItem","position":2,"name":"Karriere bei"}]},{"@type":"WebSite","@id":"https:\/\/pionaiers.nl\/de\/#website","url":"https:\/\/pionaiers.nl\/de\/","name":"PionAIers","description":"","potentialAction":[{"@type":"SearchAction","target":{"@type":"EntryPoint","urlTemplate":"https:\/\/pionaiers.nl\/de\/?s={search_term_string}"},"query-input":{"@type":"PropertyValueSpecification","valueRequired":true,"valueName":"search_term_string"}}],"inLanguage":"de"}]}},"_links":{"self":[{"href":"https:\/\/pionaiers.nl\/de\/wp-json\/wp\/v2\/pages\/1398","targetHints":{"allow":["GET"]}}],"collection":[{"href":"https:\/\/pionaiers.nl\/de\/wp-json\/wp\/v2\/pages"}],"about":[{"href":"https:\/\/pionaiers.nl\/de\/wp-json\/wp\/v2\/types\/page"}],"author":[{"embeddable":true,"href":"https:\/\/pionaiers.nl\/de\/wp-json\/wp\/v2\/users\/1"}],"replies":[{"embeddable":true,"href":"https:\/\/pionaiers.nl\/de\/wp-json\/wp\/v2\/comments?post=1398"}],"version-history":[{"count":5,"href":"https:\/\/pionaiers.nl\/de\/wp-json\/wp\/v2\/pages\/1398\/revisions"}],"predecessor-version":[{"id":1419,"href":"https:\/\/pionaiers.nl\/de\/wp-json\/wp\/v2\/pages\/1398\/revisions\/1419"}],"wp:attachment":[{"href":"https:\/\/pionaiers.nl\/de\/wp-json\/wp\/v2\/media?parent=1398"}],"curies":[{"name":"wp","href":"https:\/\/api.w.org\/{rel}","templated":true}]}}